{"id":81881,"date":"2020-12-04T13:35:55","date_gmt":"2020-12-04T18:35:55","guid":{"rendered":"https:\/\/immigrationca.staging.wpengine.com\/express-entry-crs-grid"},"modified":"2021-10-12T11:48:45","modified_gmt":"2021-10-12T15:48:45","slug":"express-entry-crs-grid","status":"publish","type":"page","link":"https:\/\/immigration.ca\/fr\/express-entry-crs-grid\/","title":{"rendered":"Express Entry CRS Grid"},"content":{"rendered":"<div class=\"table-responsive wprt_style_display\">\n<table class=\"tablegrid table\" cellspacing=\"0\">\n<tbody>\n<tr>\n<td>\n<h3 id=\"mcetoc_1f9eqpu950\">1. Facteurs de base\/du capital humain<\/h3>\n<\/td>\n<td><\/td>\n<td><\/td>\n<\/tr>\n<tr>\n<td><strong>\u00c2GE<\/strong><\/td>\n<td><strong>Avec un \u00e9poux ou conjoint de fait\u00a0<\/strong><\/td>\n<td><strong>Sans \u00e9poux ou conjoint de fait<\/strong><\/td>\n<\/tr>\n<tr>\n<td>17<\/td>\n<td>0<\/td>\n<td>0<\/td>\n<\/tr>\n<tr>\n<td>18<\/td>\n<td>90<\/td>\n<td>99<\/td>\n<\/tr>\n<tr>\n<td>19<\/td>\n<td>95<\/td>\n<td>105<\/td>\n<\/tr>\n<tr>\n<td>20-29<\/td>\n<td>100<\/td>\n<td>110<\/td>\n<\/tr>\n<tr>\n<td>30<\/td>\n<td>95<\/td>\n<td>105<\/td>\n<\/tr>\n<tr>\n<td>31<\/td>\n<td>90<\/td>\n<td>99<\/td>\n<\/tr>\n<tr>\n<td>32<\/td>\n<td>85<\/td>\n<td>94<\/td>\n<\/tr>\n<tr>\n<td>33<\/td>\n<td>80<\/td>\n<td>88<\/td>\n<\/tr>\n<tr>\n<td>34<\/td>\n<td>75<\/td>\n<td>83<\/td>\n<\/tr>\n<tr>\n<td>35<\/td>\n<td>70<\/td>\n<td>77<\/td>\n<\/tr>\n<tr>\n<td>36<\/td>\n<td>65<\/td>\n<td>72<\/td>\n<\/tr>\n<tr>\n<td>37<\/td>\n<td>60<\/td>\n<td>66<\/td>\n<\/tr>\n<tr>\n<td>38<\/td>\n<td>55<\/td>\n<td>61<\/td>\n<\/tr>\n<tr>\n<td>39<\/td>\n<td>50<\/td>\n<td>55<\/td>\n<\/tr>\n<tr>\n<td>40<\/td>\n<td>45<\/td>\n<td>50<\/td>\n<\/tr>\n<tr>\n<td>41<\/td>\n<td>35<\/td>\n<td>39<\/td>\n<\/tr>\n<tr>\n<td>42<\/td>\n<td>25<\/td>\n<td>28<\/td>\n<\/tr>\n<tr>\n<td>43<\/td>\n<td>15<\/td>\n<td>17<\/td>\n<\/tr>\n<tr>\n<td>44<\/td>\n<td>5<\/td>\n<td>6<\/td>\n<\/tr>\n<tr>\n<td>&gt;45<\/td>\n<td>0<\/td>\n<td>0<\/td>\n<\/tr>\n<tr>\n<td><strong>NIVEAU DE SCOLARIT\u00c9<\/strong><\/td>\n<td><strong>Avec \u00e9poux ou conjoint de fait<\/strong><\/td>\n<td><strong>Sans \u00e9poux ou conjoint de fait<\/strong><\/td>\n<\/tr>\n<tr>\n<td>Dipl\u00f4me d\u2019\u00e9tudes secondaires (lyc\u00e9e)<\/td>\n<td>28<\/td>\n<td>30<\/td>\n<\/tr>\n<tr>\n<td>Degr\u00e9, dipl\u00f4me ou certificat de un an, post-secondaire<\/td>\n<td>84<\/td>\n<td>90<\/td>\n<\/tr>\n<tr>\n<td>Degr\u00e9, dipl\u00f4me ou certificat de deux ans, post-secondaire<\/td>\n<td>91<\/td>\n<td>98<\/td>\n<\/tr>\n<tr>\n<td>Baccalaur\u00e9at\u00a0<strong>OU<\/strong>\u00a0autres programme de trois ans ou plus<\/td>\n<td>112<\/td>\n<td>120<\/td>\n<\/tr>\n<tr>\n<td>Au moins deux certificats, dipl\u00f4mes ou degr\u00e9s (un d\u2019au moins 3 ans)<\/td>\n<td>119<\/td>\n<td>128<\/td>\n<\/tr>\n<tr>\n<td>Master OU Dipl\u00f4me professionnel requis pour la pratique de certaines professions<\/td>\n<td>126<\/td>\n<td>135<\/td>\n<\/tr>\n<tr>\n<td>Doctorat<\/td>\n<td>140<\/td>\n<td>150<\/td>\n<\/tr>\n<tr>\n<td><strong>MAITRISE DES LANGUES OFFICIELLES<\/strong><\/td>\n<td><strong>Avec \u00e9poux ou conjoint de fait\u00a0<\/strong><\/td>\n<td><strong>Sans \u00e9poux ou conjoint de fait<\/strong><\/td>\n<\/tr>\n<tr>\n<td><strong>Premi\u00e8re langue officielle\u00a0<\/strong><\/td>\n<td>Par comp\u00e9tence<\/td>\n<td>Par comp\u00e9tence<\/td>\n<\/tr>\n<tr>\n<td>NCLC 4 or 5<\/td>\n<td>6<\/td>\n<td>6<\/td>\n<\/tr>\n<tr>\n<td>NCLC 6<\/td>\n<td>8<\/td>\n<td>9<\/td>\n<\/tr>\n<tr>\n<td>NCLC 7<\/td>\n<td>16<\/td>\n<td>17<\/td>\n<\/tr>\n<tr>\n<td>NCLC 8<\/td>\n<td>22<\/td>\n<td>23<\/td>\n<\/tr>\n<tr>\n<td>NCLC 9<\/td>\n<td>29<\/td>\n<td>31<\/td>\n<\/tr>\n<tr>\n<td>NCLC 10<\/td>\n<td>32<\/td>\n<td>34<\/td>\n<\/tr>\n<tr>\n<td><b>Deuxi\u00e8me langue officielle<\/b><\/td>\n<td>Par comp\u00e9tence<\/td>\n<td>Par comp\u00e9tence<\/td>\n<\/tr>\n<tr>\n<td>NCLC 5 or 6<\/td>\n<td>1<\/td>\n<td>1<\/td>\n<\/tr>\n<tr>\n<td>NCLC 7 or 8<\/td>\n<td>3<\/td>\n<td>3<\/td>\n<\/tr>\n<tr>\n<td>NCLC \u2265 9<\/td>\n<td>6<\/td>\n<td>6<\/td>\n<\/tr>\n<tr>\n<td><strong>Point additionels pour le fran\u00e7ais et l\u2019anglais<\/strong><\/td>\n<td><\/td>\n<td><\/td>\n<\/tr>\n<tr>\n<td>NCLC 7 ou plus en fran\u00e7ais et NCLC 4 ou moins en anglais<\/td>\n<td>25<\/td>\n<td>25<\/td>\n<\/tr>\n<tr>\n<td>NCLC 7 ou plus en fran\u00e7ais et NCLC 5 ou plus en anglais<\/td>\n<td>50<\/td>\n<td>50<\/td>\n<\/tr>\n<tr>\n<td><strong>EXP\u00c9RIENCE DE TRAVAIL AU CANADA<\/strong><\/td>\n<td><strong>Avec \u00e9poux ou conjoint de fait<\/strong><\/td>\n<td><strong>Sans \u00e9poux ou conjoint de fait<\/strong><\/td>\n<\/tr>\n<tr>\n<td>0 \u2013 1 an<\/td>\n<td>0<\/td>\n<td>0<\/td>\n<\/tr>\n<tr>\n<td>1 an<\/td>\n<td>35<\/td>\n<td>40<\/td>\n<\/tr>\n<tr>\n<td>2 ans<\/td>\n<td>46<\/td>\n<td>53<\/td>\n<\/tr>\n<tr>\n<td>3 ans<\/td>\n<td>56<\/td>\n<td>64<\/td>\n<\/tr>\n<tr>\n<td>4 ans<\/td>\n<td>63<\/td>\n<td>72<\/td>\n<\/tr>\n<tr>\n<td>\u2265 5 ans<\/td>\n<td>70<\/td>\n<td>80<\/td>\n<\/tr>\n<tr>\n<td>\n<h3 id=\"mcetoc_1f9evvicf1\" class=\"s2\">2.Facteurs li\u00e9s \u00e0 l\u2019\u00e9poux ou conjoint de fait (s\u2019il y a lieu)<\/h3>\n<\/td>\n<td><\/td>\n<td><\/td>\n<\/tr>\n<tr>\n<td><strong>NIVEAU D\u2019\u00c9DUCATION<\/strong><\/td>\n<td><strong>Avec \u00e9poux ou conjoint de fait<\/strong><\/td>\n<td><strong>Sans \u00e9poux ou conjoint de fait<\/strong><\/td>\n<\/tr>\n<tr>\n<td>Dipl\u00f4me d\u2019\u00e9tudes secondaires (lyc\u00e9e)<\/td>\n<td>2<\/td>\n<td>NA<\/td>\n<\/tr>\n<tr>\n<td>Degr\u00e9, dipl\u00f4me ou certificat de un an, post-secondaire<\/td>\n<td>6<\/td>\n<td>NA<\/td>\n<\/tr>\n<tr>\n<td>Degr\u00e9, dipl\u00f4me ou certificat de deux ans, post-secondaire<\/td>\n<td>7<\/td>\n<td>NA<\/td>\n<\/tr>\n<tr>\n<td>Baccalaur\u00e9at\u00a0<strong>OU<\/strong>\u00a0autres programme de trois ans ou plus<\/td>\n<td>8<\/td>\n<td>NA<\/td>\n<\/tr>\n<tr>\n<td>Au moins deux certificats, dipl\u00f4mes ou degr\u00e9s (un d\u2019au moins 3 ans)<\/td>\n<td>9<\/td>\n<td>NA<\/td>\n<\/tr>\n<tr>\n<td>Master OU Dipl\u00f4me professionnel requis pour la pratique de certaines professions<\/td>\n<td>10<\/td>\n<td>NA<\/td>\n<\/tr>\n<tr>\n<td>Doctorat<\/td>\n<td>10<\/td>\n<td>NA<\/td>\n<\/tr>\n<tr>\n<td><strong>MAITRISE DES LANGUES OFFICIELLES<\/strong><\/td>\n<td><strong>Avec \u00e9poux ou conjoint de fait\u00a0<\/strong><\/td>\n<td><strong>Sans \u00e9poux ou conjoint de fait<\/strong><\/td>\n<\/tr>\n<tr>\n<td><strong>Premi\u00e8re langue officielle\u00a0<\/strong><\/td>\n<td>Par comp\u00e9tence<\/td>\n<td>NA<\/td>\n<\/tr>\n<tr>\n<td>NCLC 5 or 6<\/td>\n<td>1<\/td>\n<td>NA<\/td>\n<\/tr>\n<tr>\n<td>NCLC 7 or 8<\/td>\n<td>3<\/td>\n<td>NA<\/td>\n<\/tr>\n<tr>\n<td>NCLC \u2265 9<\/td>\n<td>5<\/td>\n<td>NA<\/td>\n<\/tr>\n<tr>\n<td><strong>EXP\u00c9RIENCE DE TRAVAIL AU CANADA<\/strong><\/td>\n<td><strong>Avec \u00e9poux ou conjoint de fait<\/strong><\/td>\n<td><strong>Sans \u00e9poux ou conjoint de fait<\/strong><\/td>\n<\/tr>\n<tr>\n<td>0 \u2013 1 an<\/td>\n<td>0<\/td>\n<td>NA<\/td>\n<\/tr>\n<tr>\n<td>1 an<\/td>\n<td>5<\/td>\n<td>NA<\/td>\n<\/tr>\n<tr>\n<td>2 ans<\/td>\n<td>4<\/td>\n<td>NA<\/td>\n<\/tr>\n<tr>\n<td>3 ans<\/td>\n<td>8<\/td>\n<td>NA<\/td>\n<\/tr>\n<tr>\n<td>4 ans<\/td>\n<td>9<\/td>\n<td>NA<\/td>\n<\/tr>\n<tr>\n<td>\u2265 5 ans<\/td>\n<td>10<\/td>\n<td>NA<\/td>\n<\/tr>\n<tr>\n<td>\n<h3 id=\"mcetoc_1f9f088on2\" class=\"s2\">3.Facteurs de transf\u00e9rabilit\u00e9 des comp\u00e9tences<\/h3>\n<\/td>\n<td><\/td>\n<td><\/td>\n<\/tr>\n<tr>\n<td><strong>\u00c9DUCATION &amp; LANGUE<\/strong><\/td>\n<td><strong>Avec \u00e9poux ou conjoint de fait<\/strong><\/td>\n<td><strong>Sans \u00e9poux ou conjoint de fait<\/strong><\/td>\n<\/tr>\n<tr>\n<td>Dipl\u00f4me postsecondaire d\u2019au moins une ann\u00e9e d\u2019\u00e9tudes\u00a0+ NCLC 7 ou 8<\/td>\n<td>13<\/td>\n<td>13<\/td>\n<\/tr>\n<tr>\n<td>Deux dipl\u00f4mes postsecondaires\u00a0+ NCLC 7 ou 8<\/td>\n<td>25<\/td>\n<td>25<\/td>\n<\/tr>\n<tr>\n<td>Dipl\u00f4me postsecondaire d\u2019au moins une ann\u00e9e d\u2019\u00e9tudes\u00a0+ NCLC 9<\/td>\n<td>25<\/td>\n<td>25<\/td>\n<\/tr>\n<tr>\n<td>Deux dipl\u00f4mes postsecondaires\u00a0+ NCLC 9<\/td>\n<td>50<\/td>\n<td>50<\/td>\n<\/tr>\n<tr>\n<td><strong>\u00c9DUCATION &amp; EXP\u00c9RIENCE PROFESSIONNELLE AU CANADA<\/strong><\/td>\n<td><strong>Avec \u00e9poux ou conjoint de fait<\/strong><\/td>\n<td><strong>Sans \u00e9poux ou conjoint de fait<\/strong><\/td>\n<\/tr>\n<tr>\n<td>Dipl\u00f4me postsecondaire d\u2019au moins une ann\u00e9e d\u2019\u00e9tudes\u00a0+ 1 an d\u2019exp\u00e9rience professionnelle au Canada<\/td>\n<td>13<\/td>\n<td>13<\/td>\n<\/tr>\n<tr>\n<td>Deux dipl\u00f4mes postsecondaires\u00a0+ 1 an d\u2019exp\u00e9rience professionnelle au Canada<\/td>\n<td>25<\/td>\n<td>25<\/td>\n<\/tr>\n<tr>\n<td>Dipl\u00f4me postsecondaire d\u2019au moins une ann\u00e9e d\u2019\u00e9tudes\u00a0+ 2 ans d\u2019exp\u00e9rience professionnelle au Canada<\/td>\n<td>25<\/td>\n<td>25<\/td>\n<\/tr>\n<tr>\n<td>Deux dipl\u00f4mes postsecondaires\u00a0+ 2 d\u2019exp\u00e9rience professionnelle au Canada<\/td>\n<td>50<\/td>\n<td>50<\/td>\n<\/tr>\n<tr>\n<td><strong>EXP\u00c9RIENCE PROIFESSIONNELLE A L\u2019\u00c9TRANGER &amp; LANGUE<\/strong><\/td>\n<td><strong>Avec \u00e9poux ou conjoint de fait<\/strong><\/td>\n<td><strong>Sans \u00e9poux ou conjoint de fait<\/strong><\/td>\n<\/tr>\n<tr>\n<td>1-2 years + NCLC 7 ou 8<\/td>\n<td>13<\/td>\n<td>13<\/td>\n<\/tr>\n<tr>\n<td>\u2265 3 years + NCLC 7 ou 8<\/td>\n<td>25<\/td>\n<td>25<\/td>\n<\/tr>\n<tr>\n<td>1-2 years + NCLC 9<\/td>\n<td>25<\/td>\n<td>25<\/td>\n<\/tr>\n<tr>\n<td>\u2265 3 years + NCLC 9<\/td>\n<td>50<\/td>\n<td>50<\/td>\n<\/tr>\n<tr>\n<td><strong>EXP\u00c9RIENCE PROIFESSIONNELLE A L\u2019\u00c9TRANGER &amp; EXP\u00c9RIENCE PROFESSIONNELLE AU CANADA<\/strong><\/td>\n<td><strong>Avec \u00e9poux ou conjoint de fait<\/strong><\/td>\n<td><strong>Sans \u00e9poux ou conjoint de fait<\/strong><\/td>\n<\/tr>\n<tr>\n<td>1-2 ans d\u2019exp\u00e9rience professionnelle \u00e0 l\u2019\u00e9tranger + 1 an d\u2019exp\u00e9rience professionnelle au Canada<\/td>\n<td>13<\/td>\n<td>13<\/td>\n<\/tr>\n<tr>\n<td>\u2265 3 ans d\u2019exp\u00e9rience professionnelle \u00e0 l\u2019\u00e9tranger + 1 an d\u2019exp\u00e9rience professionnelle au Canada<\/td>\n<td>25<\/td>\n<td>25<\/td>\n<\/tr>\n<tr>\n<td>1-2 ans d\u2019exp\u00e9rience professionnelle \u00e0 l\u2019\u00e9tranger + 2 ans d\u2019exp\u00e9rience professionnelle au Canada<\/td>\n<td>25<\/td>\n<td>25<\/td>\n<\/tr>\n<tr>\n<td>\u2265 3 ans d\u2019exp\u00e9rience professionnelle \u00e0 l\u2019\u00e9tranger + 2 ans d\u2019exp\u00e9rience professionnelle au Canada<\/td>\n<td>50<\/td>\n<td>50<\/td>\n<\/tr>\n<tr>\n<td><strong>CERTIFICAT DE COMP\u00c9TENCE (M\u00c9TIER SP\u00c9CIALIS\u00c9)\u00a0&amp; LANGUE<\/strong><\/td>\n<td><strong>Avec \u00e9poux ou conjoint de fait<\/strong><\/td>\n<td><strong>Sans \u00e9poux ou conjoint de fait<\/strong><\/td>\n<\/tr>\n<tr>\n<td>Certificat de comp\u00e9tence (m\u00e9tier sp\u00e9cialis\u00e9) + NCLC 5, \u2265 1 CLB 7<\/td>\n<td>25<\/td>\n<td>25<\/td>\n<\/tr>\n<tr>\n<td>Certificat de comp\u00e9tence (m\u00e9tier sp\u00e9cialis\u00e9) + NCLC 7<\/td>\n<td>50<\/td>\n<td>50<\/td>\n<\/tr>\n<tr>\n<td>\n<h3 id=\"mcetoc_1f9emdq7p1\">4. Desgination provincielle ou Offre d\u2019emploi<\/h3>\n<\/td>\n<td><\/td>\n<td><\/td>\n<\/tr>\n<tr>\n<td><strong>Designation provincielle<\/strong><\/td>\n<td><strong>Avec \u00e9poux ou conjoint de fait<\/strong><\/td>\n<td><strong>Sans \u00e9poux ou conjoint de fait<\/strong><\/td>\n<\/tr>\n<tr>\n<td>Certificat de designation comme candidt d\u2019une province<\/td>\n<td>600<\/td>\n<td>600<\/td>\n<\/tr>\n<tr>\n<td><strong>Offre d\u2019emploi d\u2019un employer Canadien<\/strong><\/td>\n<td><strong>Avec \u00e9poux ou conjoint de fait<\/strong><\/td>\n<td><strong>Sans\u00a0\u00e9poux ou conjoint de fait<\/strong><\/td>\n<\/tr>\n<tr>\n<td>Offre d\u2019emploi \u00e9ligible \u2013 CNP 00<\/td>\n<td>200<\/td>\n<td>200<\/td>\n<\/tr>\n<tr>\n<td>Offre d\u2019emploi \u00e9ligible \u2013 CNP 0, A or B<\/td>\n<td>50<\/td>\n<td>50<\/td>\n<\/tr>\n<tr>\n<td>\n<h3 id=\"mcetoc_1f9emdq7p3\">5. Points additionnels<\/h3>\n<\/td>\n<td><\/td>\n<td><\/td>\n<\/tr>\n<tr>\n<td><strong>\u00c9ducation post-secondaire au Canada<\/strong><\/td>\n<td><strong>Avec \u00e9poux ou conjoint de fait<\/strong><\/td>\n<td><strong>Sans \u00e9poux ou conjoint de fait<\/strong><\/td>\n<\/tr>\n<tr>\n<td>Programme d\u2019une ann\u00e9e ou de deux ann\u00e9es<\/td>\n<td>15<\/td>\n<td>15<\/td>\n<\/tr>\n<tr>\n<td>Programme de trois ann\u00e9es, master or doctorat<\/td>\n<td>30<\/td>\n<td>30<\/td>\n<\/tr>\n<tr>\n<td><strong>Fr\u00e8re ou\u00a0s\u0153ur\u00a0au Canada<\/strong><\/td>\n<td><strong>Avec \u00e9poux ou conjoint de fait<\/strong><\/td>\n<td><strong>Sans \u00e9poux ou conjoint de fait<\/strong><\/td>\n<\/tr>\n<tr>\n<td>Fr\u00e8re ou s\u0153ur vivant au Canada, qui a 18 ans et qui est citoyen ou r\u00e9sident permanent du Canada<\/td>\n<td>15<\/td>\n<td>15<\/td>\n<\/tr>\n<\/tbody>\n<\/table>\n<\/div>\n<p>&nbsp;<\/p>\n","protected":false},"excerpt":{"rendered":"<p>1. Facteurs de base\/du capital humain \u00c2GE Avec un \u00e9poux ou conjoint de fait\u00a0 Sans \u00e9poux ou conjoint de fait 17 0 0 18 90 99 19 95 105 20-29 100 110 30 95 105 31 90 99 32 85 94 33 80 88 34 75 83 35 70 77 36 65 72 37 60&hellip;<\/p>\n","protected":false},"author":16,"featured_media":146043,"parent":0,"menu_order":0,"comment_status":"closed","ping_status":"closed","template":"","meta":{"_acf_changed":false,"footnotes":""},"class_list":["post-81881","page","type-page","status-publish","has-post-thumbnail","hentry","description-off"],"acf":[],"_links":{"self":[{"href":"https:\/\/immigration.ca\/fr\/wp-json\/wp\/v2\/pages\/81881","targetHints":{"allow":["GET"]}}],"collection":[{"href":"https:\/\/immigration.ca\/fr\/wp-json\/wp\/v2\/pages"}],"about":[{"href":"https:\/\/immigration.ca\/fr\/wp-json\/wp\/v2\/types\/page"}],"author":[{"embeddable":true,"href":"https:\/\/immigration.ca\/fr\/wp-json\/wp\/v2\/users\/16"}],"replies":[{"embeddable":true,"href":"https:\/\/immigration.ca\/fr\/wp-json\/wp\/v2\/comments?post=81881"}],"version-history":[{"count":0,"href":"https:\/\/immigration.ca\/fr\/wp-json\/wp\/v2\/pages\/81881\/revisions"}],"wp:featuredmedia":[{"embeddable":true,"href":"https:\/\/immigration.ca\/fr\/wp-json\/wp\/v2\/media\/146043"}],"wp:attachment":[{"href":"https:\/\/immigration.ca\/fr\/wp-json\/wp\/v2\/media?parent=81881"}],"curies":[{"name":"wp","href":"https:\/\/api.w.org\/{rel}","templated":true}]}}