{"id":73140,"date":"2019-10-30T20:43:56","date_gmt":"2019-10-30T20:43:56","guid":{"rendered":"https:\/\/immigrationca.staging.wpengine.com\/online-ielts-courses-pr"},"modified":"2022-09-01T15:50:24","modified_gmt":"2022-09-01T19:50:24","slug":"online-ielts-courses-pr","status":"publish","type":"page","link":"https:\/\/immigration.ca\/fr\/online-ielts-courses-pr\/","title":{"rendered":"Cours d&rsquo;IELTS en ligne"},"content":{"rendered":"\t\t<div data-elementor-type=\"wp-page\" data-elementor-id=\"73140\" class=\"elementor elementor-73140 elementor-73137\" data-elementor-post-type=\"page\">\n\t\t\t\t\t\t<section class=\"elementor-section elementor-top-section elementor-element elementor-element-1a6aae10 elementor-section-boxed elementor-section-height-default elementor-section-height-default\" data-id=\"1a6aae10\" data-element_type=\"section\" data-e-type=\"section\">\n\t\t\t\t\t\t<div class=\"elementor-container elementor-column-gap-default\">\n\t\t\t\t\t<div class=\"elementor-column elementor-col-100 elementor-top-column elementor-element elementor-element-4f1a8c72\" data-id=\"4f1a8c72\" data-element_type=\"column\" data-e-type=\"column\">\n\t\t\t<div class=\"elementor-widget-wrap elementor-element-populated\">\n\t\t\t\t\t\t<div class=\"elementor-element elementor-element-27e963d1 elementor-widget elementor-widget-heading\" data-id=\"27e963d1\" data-element_type=\"widget\" data-e-type=\"widget\" data-widget_type=\"heading.default\">\n\t\t\t\t<div class=\"elementor-widget-container\">\n\t\t\t\t\t<h3 class=\"elementor-heading-title elementor-size-default\">Regardez l'aper\u00e7u du cours IELTS:<\/h3>\t\t\t\t<\/div>\n\t\t\t\t<\/div>\n\t\t\t\t<div class=\"elementor-element elementor-element-19e33ea0 elementor-widget elementor-widget-video\" data-id=\"19e33ea0\" data-element_type=\"widget\" data-e-type=\"widget\" data-settings=\"{&quot;video_type&quot;:&quot;hosted&quot;,&quot;controls&quot;:&quot;yes&quot;}\" data-widget_type=\"video.default\">\n\t\t\t\t<div class=\"elementor-widget-container\">\n\t\t\t\t\t\t\t<div class=\"e-hosted-video elementor-wrapper elementor-open-inline\">\n\t\t\t\t\t<video class=\"elementor-video\" src=\"https:\/\/immigration.ca\/wp-content\/uploads\/2022\/09\/IELTS-sales-presentation-Version-3.mp4\" controls=\"\" preload=\"metadata\" controlsList=\"nodownload\"><\/video>\n\t\t\t\t<\/div>\n\t\t\t\t\t\t<\/div>\n\t\t\t\t<\/div>\n\t\t\t\t\t<\/div>\n\t\t<\/div>\n\t\t\t\t\t<\/div>\n\t\t<\/section>\n\t\t\t\t<section class=\"elementor-section elementor-top-section elementor-element elementor-element-286565e6 elementor-section-boxed elementor-section-height-default elementor-section-height-default\" data-id=\"286565e6\" data-element_type=\"section\" data-e-type=\"section\">\n\t\t\t\t\t\t<div class=\"elementor-container elementor-column-gap-default\">\n\t\t\t\t\t<div class=\"elementor-column elementor-col-100 elementor-top-column elementor-element elementor-element-47cd3ea2\" data-id=\"47cd3ea2\" data-element_type=\"column\" data-e-type=\"column\">\n\t\t\t<div class=\"elementor-widget-wrap elementor-element-populated\">\n\t\t\t\t\t\t<div class=\"elementor-element elementor-element-6f98e862 elementor-widget elementor-widget-heading\" data-id=\"6f98e862\" data-element_type=\"widget\" data-e-type=\"widget\" data-widget_type=\"heading.default\">\n\t\t\t\t<div class=\"elementor-widget-container\">\n\t\t\t\t\t<h3 class=\"elementor-heading-title elementor-size-default\">Cours de d\u00e9marrage IELTS en ligne gratuit d'une dur\u00e9e de 8 semaines<\/h3>\t\t\t\t<\/div>\n\t\t\t\t<\/div>\n\t\t\t\t<div class=\"elementor-element elementor-element-741cedba elementor-widget elementor-widget-text-editor\" data-id=\"741cedba\" data-element_type=\"widget\" data-e-type=\"widget\" data-widget_type=\"text-editor.default\">\n\t\t\t\t<div class=\"elementor-widget-container\">\n\t\t\t\t\t\t\t\t\t<p>Tous les candidats qui demandent la r\u00e9sidence permanente au Canada doivent prouver leurs comp\u00e9tences linguistiques en passant un test de langue approuv\u00e9 par Immigration, R\u00e9fugi\u00e9s et Citoyennet\u00e9 Canada (IRCC).<\/p><p>L&rsquo;IELTS, connu sous le nom d\u2019International English Language Testing System, est le premier test d&rsquo;anglais au monde reconnu par l&rsquo;IRCC.<\/p><p>Nous avons le plaisir d&rsquo;offrir \u00e0 tous nos clients un cours de d\u00e9marrage IELTS GRATUIT de 8 semaines, qui est enseign\u00e9 sur <a href=\"https:\/\/e-sky.newzenler.com\/\" rel=\"noopener\">e-SKY<\/a>, notre plateforme d&rsquo;apprentissage en ligne.<span class=\"Apple-converted-space\">\u00a0<\/span><\/p><p>Le cours comprend des le\u00e7ons, des tests pratiques et un bonus de plus de 100 activit\u00e9s avec la bo\u00eete \u00e0 outils IELTS.<\/p>\t\t\t\t\t\t\t\t<\/div>\n\t\t\t\t<\/div>\n\t\t\t\t\t<\/div>\n\t\t<\/div>\n\t\t\t\t\t<\/div>\n\t\t<\/section>\n\t\t\t\t<section class=\"elementor-section elementor-top-section elementor-element elementor-element-6baf6a7c elementor-section-boxed elementor-section-height-default elementor-section-height-default\" data-id=\"6baf6a7c\" data-element_type=\"section\" data-e-type=\"section\">\n\t\t\t\t\t\t<div class=\"elementor-container elementor-column-gap-default\">\n\t\t\t\t\t<div class=\"elementor-column elementor-col-100 elementor-top-column elementor-element elementor-element-6e90ba50\" data-id=\"6e90ba50\" data-element_type=\"column\" data-e-type=\"column\">\n\t\t\t<div class=\"elementor-widget-wrap elementor-element-populated\">\n\t\t\t\t\t\t<div class=\"elementor-element elementor-element-5d05431d elementor-widget elementor-widget-heading\" data-id=\"5d05431d\" data-element_type=\"widget\" data-e-type=\"widget\" data-widget_type=\"heading.default\">\n\t\t\t\t<div class=\"elementor-widget-container\">\n\t\t\t\t\t<h3 class=\"elementor-heading-title elementor-size-default\">IELTS Starter est le moyen id\u00e9al pour :<\/h3>\t\t\t\t<\/div>\n\t\t\t\t<\/div>\n\t\t\t\t<section class=\"elementor-section elementor-inner-section elementor-element elementor-element-7f34efe0 elementor-section-boxed elementor-section-height-default elementor-section-height-default\" data-id=\"7f34efe0\" data-element_type=\"section\" data-e-type=\"section\">\n\t\t\t\t\t\t<div class=\"elementor-container elementor-column-gap-default\">\n\t\t\t\t\t<div class=\"elementor-column elementor-col-33 elementor-inner-column elementor-element elementor-element-7db26ef2\" data-id=\"7db26ef2\" data-element_type=\"column\" data-e-type=\"column\">\n\t\t\t<div class=\"elementor-widget-wrap elementor-element-populated\">\n\t\t\t\t\t\t<div class=\"elementor-element elementor-element-2b1e4fd5 elementor-widget elementor-widget-text-editor\" data-id=\"2b1e4fd5\" data-element_type=\"widget\" data-e-type=\"widget\" data-widget_type=\"text-editor.default\">\n\t\t\t\t<div class=\"elementor-widget-container\">\n\t\t\t\t\t\t\t\t\t<p>Am\u00e9liorer votre niveau g\u00e9n\u00e9ral d&rsquo;anglais.<\/p>\t\t\t\t\t\t\t\t<\/div>\n\t\t\t\t<\/div>\n\t\t\t\t\t<\/div>\n\t\t<\/div>\n\t\t\t\t<div class=\"elementor-column elementor-col-33 elementor-inner-column elementor-element elementor-element-c3615cf\" data-id=\"c3615cf\" data-element_type=\"column\" data-e-type=\"column\">\n\t\t\t<div class=\"elementor-widget-wrap elementor-element-populated\">\n\t\t\t\t\t\t<div class=\"elementor-element elementor-element-39690edd elementor-widget elementor-widget-text-editor\" data-id=\"39690edd\" data-element_type=\"widget\" data-e-type=\"widget\" data-widget_type=\"text-editor.default\">\n\t\t\t\t<div class=\"elementor-widget-container\">\n\t\t\t\t\t\t\t\t\t<p>En savoir plus sur chaque partie du test IELTS.<\/p>\t\t\t\t\t\t\t\t<\/div>\n\t\t\t\t<\/div>\n\t\t\t\t\t<\/div>\n\t\t<\/div>\n\t\t\t\t<div class=\"elementor-column elementor-col-33 elementor-inner-column elementor-element elementor-element-4d3839f9\" data-id=\"4d3839f9\" data-element_type=\"column\" data-e-type=\"column\">\n\t\t\t<div class=\"elementor-widget-wrap elementor-element-populated\">\n\t\t\t\t\t\t<div class=\"elementor-element elementor-element-18233b37 elementor-widget elementor-widget-text-editor\" data-id=\"18233b37\" data-element_type=\"widget\" data-e-type=\"widget\" data-widget_type=\"text-editor.default\">\n\t\t\t\t<div class=\"elementor-widget-container\">\n\t\t\t\t\t\t\t\t\t<p>Conna\u00eetre vos r\u00e9sultats actuels et savoir comment les am\u00e9liorer.<\/p>\t\t\t\t\t\t\t\t<\/div>\n\t\t\t\t<\/div>\n\t\t\t\t\t<\/div>\n\t\t<\/div>\n\t\t\t\t\t<\/div>\n\t\t<\/section>\n\t\t\t\t\t<\/div>\n\t\t<\/div>\n\t\t\t\t\t<\/div>\n\t\t<\/section>\n\t\t\t\t<section class=\"elementor-section elementor-top-section elementor-element elementor-element-51ff6766 elementor-section-boxed elementor-section-height-default elementor-section-height-default\" data-id=\"51ff6766\" data-element_type=\"section\" data-e-type=\"section\">\n\t\t\t\t\t\t<div class=\"elementor-container elementor-column-gap-default\">\n\t\t\t\t\t<div class=\"elementor-column elementor-col-100 elementor-top-column elementor-element elementor-element-4d3face0\" data-id=\"4d3face0\" data-element_type=\"column\" data-e-type=\"column\">\n\t\t\t<div class=\"elementor-widget-wrap elementor-element-populated\">\n\t\t\t\t\t\t<div class=\"elementor-element elementor-element-5b7b63c4 elementor-widget elementor-widget-heading\" data-id=\"5b7b63c4\" data-element_type=\"widget\" data-e-type=\"widget\" data-widget_type=\"heading.default\">\n\t\t\t\t<div class=\"elementor-widget-container\">\n\t\t\t\t\t<h3 class=\"elementor-heading-title elementor-size-default\">Le cours IELTS Starter comprend:\n<\/h3>\t\t\t\t<\/div>\n\t\t\t\t<\/div>\n\t\t\t\t<section class=\"elementor-section elementor-inner-section elementor-element elementor-element-5e2d49f6 elementor-section-boxed elementor-section-height-default elementor-section-height-default\" data-id=\"5e2d49f6\" data-element_type=\"section\" data-e-type=\"section\">\n\t\t\t\t\t\t<div class=\"elementor-container elementor-column-gap-default\">\n\t\t\t\t\t<div class=\"elementor-column elementor-col-33 elementor-inner-column elementor-element elementor-element-73e43631\" data-id=\"73e43631\" data-element_type=\"column\" data-e-type=\"column\">\n\t\t\t<div class=\"elementor-widget-wrap elementor-element-populated\">\n\t\t\t\t\t\t<div class=\"elementor-element elementor-element-2ddb8d91 elementor-widget elementor-widget-text-editor\" data-id=\"2ddb8d91\" data-element_type=\"widget\" data-e-type=\"widget\" data-widget_type=\"text-editor.default\">\n\t\t\t\t<div class=\"elementor-widget-container\">\n\t\t\t\t\t\t\t\t\t<p><b>20 le\u00e7ons d&rsquo;auto-apprentissage<\/b> pour vous guider dans chaque partie du test IELTS (\u00e9coute, lecture, \u00e9criture, expression orale).<\/p>\t\t\t\t\t\t\t\t<\/div>\n\t\t\t\t<\/div>\n\t\t\t\t\t<\/div>\n\t\t<\/div>\n\t\t\t\t<div class=\"elementor-column elementor-col-33 elementor-inner-column elementor-element elementor-element-35d2c417\" data-id=\"35d2c417\" data-element_type=\"column\" data-e-type=\"column\">\n\t\t\t<div class=\"elementor-widget-wrap elementor-element-populated\">\n\t\t\t\t\t\t<div class=\"elementor-element elementor-element-a7fd0f8 elementor-widget elementor-widget-text-editor\" data-id=\"a7fd0f8\" data-element_type=\"widget\" data-e-type=\"widget\" data-widget_type=\"text-editor.default\">\n\t\t\t\t<div class=\"elementor-widget-container\">\n\t\t\t\t\t\t\t\t\t<p>Un <b>acc\u00e8s complet<\/b> \u00e0 la bo\u00eete \u00e0 outils IELTS essentielle : plus de 100 exercices interactifs pour am\u00e9liorer votre vocabulaire, votre grammaire et vos comp\u00e9tences au test IELTS.<\/p>\t\t\t\t\t\t\t\t<\/div>\n\t\t\t\t<\/div>\n\t\t\t\t\t<\/div>\n\t\t<\/div>\n\t\t\t\t<div class=\"elementor-column elementor-col-33 elementor-inner-column elementor-element elementor-element-753e90b6\" data-id=\"753e90b6\" data-element_type=\"column\" data-e-type=\"column\">\n\t\t\t<div class=\"elementor-widget-wrap elementor-element-populated\">\n\t\t\t\t\t\t<div class=\"elementor-element elementor-element-4416d409 elementor-widget elementor-widget-text-editor\" data-id=\"4416d409\" data-element_type=\"widget\" data-e-type=\"widget\" data-widget_type=\"text-editor.default\">\n\t\t\t\t<div class=\"elementor-widget-container\">\n\t\t\t\t\t\t\t\t\t<p>Des <b>tests d&rsquo;entra\u00eenement complets<\/b> pour les 4 sous-tests afin de savoir quand vous \u00eates pr\u00eat \u00e0 passer votre examen IELTS.<\/p>\t\t\t\t\t\t\t\t<\/div>\n\t\t\t\t<\/div>\n\t\t\t\t\t<\/div>\n\t\t<\/div>\n\t\t\t\t\t<\/div>\n\t\t<\/section>\n\t\t\t\t<section class=\"elementor-section elementor-inner-section elementor-element elementor-element-26250d19 elementor-section-boxed elementor-section-height-default elementor-section-height-default\" data-id=\"26250d19\" data-element_type=\"section\" data-e-type=\"section\">\n\t\t\t\t\t\t<div class=\"elementor-container elementor-column-gap-default\">\n\t\t\t\t\t<div class=\"elementor-column elementor-col-50 elementor-inner-column elementor-element elementor-element-33cac33d\" data-id=\"33cac33d\" data-element_type=\"column\" data-e-type=\"column\">\n\t\t\t<div class=\"elementor-widget-wrap elementor-element-populated\">\n\t\t\t\t\t\t<div class=\"elementor-element elementor-element-2319cc11 elementor-widget elementor-widget-text-editor\" data-id=\"2319cc11\" data-element_type=\"widget\" data-e-type=\"widget\" data-widget_type=\"text-editor.default\">\n\t\t\t\t<div class=\"elementor-widget-container\">\n\t\t\t\t\t\t\t\t\t<p><b>5 le\u00e7ons de r\u00e9vision audio\/vid\u00e9o<\/b> pour vous guider dans le test d&rsquo;expression orale IELTS<\/p>\t\t\t\t\t\t\t\t<\/div>\n\t\t\t\t<\/div>\n\t\t\t\t\t<\/div>\n\t\t<\/div>\n\t\t\t\t<div class=\"elementor-column elementor-col-50 elementor-inner-column elementor-element elementor-element-5e3355fc\" data-id=\"5e3355fc\" data-element_type=\"column\" data-e-type=\"column\">\n\t\t\t<div class=\"elementor-widget-wrap elementor-element-populated\">\n\t\t\t\t\t\t<div class=\"elementor-element elementor-element-2955a70c elementor-widget elementor-widget-text-editor\" data-id=\"2955a70c\" data-element_type=\"widget\" data-e-type=\"widget\" data-widget_type=\"text-editor.default\">\n\t\t\t\t<div class=\"elementor-widget-container\">\n\t\t\t\t\t\t\t\t\t<p><b>D&rsquo;autres cours gratuits<\/b> auxquels vous pouvez acc\u00e9der sur la plateforme <a href=\"https:\/\/e-sky.newzenler.com\/\" rel=\"noopener\">e-SKY<\/a><\/p>\t\t\t\t\t\t\t\t<\/div>\n\t\t\t\t<\/div>\n\t\t\t\t\t<\/div>\n\t\t<\/div>\n\t\t\t\t\t<\/div>\n\t\t<\/section>\n\t\t\t\t<section class=\"elementor-section elementor-inner-section elementor-element elementor-element-63a628c9 elementor-section-boxed elementor-section-height-default elementor-section-height-default\" data-id=\"63a628c9\" data-element_type=\"section\" data-e-type=\"section\">\n\t\t\t\t\t\t<div class=\"elementor-container elementor-column-gap-default\">\n\t\t\t\t\t<div class=\"elementor-column elementor-col-100 elementor-inner-column elementor-element elementor-element-3dcb7c07\" data-id=\"3dcb7c07\" data-element_type=\"column\" data-e-type=\"column\">\n\t\t\t<div class=\"elementor-widget-wrap elementor-element-populated\">\n\t\t\t\t\t\t<div class=\"elementor-element elementor-element-2161d1f0 elementor-widget elementor-widget-text-editor\" data-id=\"2161d1f0\" data-element_type=\"widget\" data-e-type=\"widget\" data-widget_type=\"text-editor.default\">\n\t\t\t\t<div class=\"elementor-widget-container\">\n\t\t\t\t\t\t\t\t\t<p>Ce cours IELTS vous pr\u00e9parera \u00e0 votre test d&rsquo;anglais et vous aidera \u00e0 obtenir le meilleur score possible. Destin\u00e9 aux clients d&rsquo;Immigration.ca, il est ax\u00e9 sur l&rsquo;obtention d&rsquo;un score sup\u00e9rieur \u00e0 6, qui est g\u00e9n\u00e9ralement requis par les programmes d&rsquo;immigration canadiens.<\/p>\t\t\t\t\t\t\t\t<\/div>\n\t\t\t\t<\/div>\n\t\t\t\t\t<\/div>\n\t\t<\/div>\n\t\t\t\t\t<\/div>\n\t\t<\/section>\n\t\t\t\t\t<\/div>\n\t\t<\/div>\n\t\t\t\t\t<\/div>\n\t\t<\/section>\n\t\t\t\t<section class=\"elementor-section elementor-top-section elementor-element elementor-element-6263be69 elementor-section-boxed elementor-section-height-default elementor-section-height-default\" data-id=\"6263be69\" data-element_type=\"section\" data-e-type=\"section\">\n\t\t\t\t\t\t<div class=\"elementor-container elementor-column-gap-default\">\n\t\t\t\t\t<div class=\"elementor-column elementor-col-100 elementor-top-column elementor-element elementor-element-1ce5efda\" data-id=\"1ce5efda\" data-element_type=\"column\" data-e-type=\"column\">\n\t\t\t<div class=\"elementor-widget-wrap elementor-element-populated\">\n\t\t\t\t\t\t<div class=\"elementor-element elementor-element-1b7171e2 elementor-widget elementor-widget-text-editor\" data-id=\"1b7171e2\" data-element_type=\"widget\" data-e-type=\"widget\" data-widget_type=\"text-editor.default\">\n\t\t\t\t<div class=\"elementor-widget-container\">\n\t\t\t\t\t\t\t\t\t<p>Le cours est divis\u00e9 en 4 sections, selon le test IELTS : Reading, Listening, Speaking, and Writing, soit lecture, \u00e9coute, expression orale et \u00e9criture.<span class=\"Apple-converted-space\">\u00a0<\/span><\/p><p>Le format du test IELTS vous est pr\u00e9sent\u00e9 et vous recevez des conseils cl\u00e9s pour r\u00e9ussir.<span class=\"Apple-converted-space\">\u00a0<\/span><\/p><p>Chaque le\u00e7on contient des quiz pour tester vos connaissances et est compl\u00e9t\u00e9e par des tests pratiques IELTS.<span class=\"Apple-converted-space\">\u00a0<\/span><\/p><p>Vous aurez \u00e9galement acc\u00e8s \u00e0 des entretiens fictifs et \u00e0 des exemples de r\u00e9ponses qui vous permettront de vous familiariser avec les exigences et les erreurs les plus courantes \u00e0 l&rsquo;IELTS.<\/p><p>Ce cours est autog\u00e9r\u00e9, ce qui signifie que vous pouvez suivre et enregistrer la progression de vos le\u00e7ons quand vous le souhaitez.<span class=\"Apple-converted-space\">\u00a0<\/span><\/p><p>Vous pourrez \u00e9galement y acc\u00e9der sur vos appareils mobiles.<\/p><p>Vous \u00eates cens\u00e9 terminer ce cours en 8 semaines, en fonction de votre niveau actuel et de la profondeur avec laquelle vous explorez les ressources suppl\u00e9mentaires.<\/p><p>Soyez confiant dans la lecture, l&rsquo;\u00e9coute, l&rsquo;\u00e9criture et l&rsquo;expression orale de l&rsquo;anglais dans des contextes moins familiers.<\/p><p>Exprimez-vous sur des sujets d&rsquo;actualit\u00e9 dans le cadre d&rsquo;une pr\u00e9sentation formelle.<\/p><p>Tirez le meilleur parti des activit\u00e9s en ligne propos\u00e9es par ce cours, en effectuant un apprentissage autonome.<\/p><p>Soyez confiant dans l&rsquo;apprentissage du vocabulaire sur des sujets tels que le transport, la technologie, le divertissement.<\/p>\t\t\t\t\t\t\t\t<\/div>\n\t\t\t\t<\/div>\n\t\t\t\t\t<\/div>\n\t\t<\/div>\n\t\t\t\t\t<\/div>\n\t\t<\/section>\n\t\t\t\t<section class=\"elementor-section elementor-top-section elementor-element elementor-element-2ed07c3c elementor-section-boxed elementor-section-height-default elementor-section-height-default\" data-id=\"2ed07c3c\" data-element_type=\"section\" data-e-type=\"section\">\n\t\t\t\t\t\t<div class=\"elementor-container elementor-column-gap-default\">\n\t\t\t\t\t<div class=\"elementor-column elementor-col-100 elementor-top-column elementor-element elementor-element-1b2300a6\" data-id=\"1b2300a6\" data-element_type=\"column\" data-e-type=\"column\">\n\t\t\t<div class=\"elementor-widget-wrap elementor-element-populated\">\n\t\t\t\t\t\t<div class=\"elementor-element elementor-element-61646761 elementor-widget elementor-widget-heading\" data-id=\"61646761\" data-element_type=\"widget\" data-e-type=\"widget\" data-widget_type=\"heading.default\">\n\t\t\t\t<div class=\"elementor-widget-container\">\n\t\t\t\t\t<h2 class=\"elementor-heading-title elementor-size-default\">Embrassez votre avenir et apportez l'h\u00e9ritage de votre pass\u00e9 dans un endroit que vous et votre famille serez fiers d'appeler votre chez-vous\u00a0: le Canada !<\/h2>\t\t\t\t<\/div>\n\t\t\t\t<\/div>\n\t\t\t\t\t<\/div>\n\t\t<\/div>\n\t\t\t\t\t<\/div>\n\t\t<\/section>\n\t\t\t\t<\/div>\n\t\t","protected":false},"excerpt":{"rendered":"<p>Regardez l&rsquo;aper\u00e7u du cours IELTS: https:\/\/immigration.ca\/wp-content\/uploads\/2022\/09\/IELTS-sales-presentation-Version-3.mp4 Cours de d\u00e9marrage IELTS en ligne gratuit d&rsquo;une dur\u00e9e de 8 semaines Tous les candidats qui demandent la r\u00e9sidence permanente au Canada doivent prouver leurs comp\u00e9tences linguistiques en passant un test de langue approuv\u00e9 par Immigration, R\u00e9fugi\u00e9s et Citoyennet\u00e9 Canada (IRCC). L&rsquo;IELTS, connu sous le nom d\u2019International English Language&hellip;<\/p>\n","protected":false},"author":16,"featured_media":77111,"parent":0,"menu_order":0,"comment_status":"closed","ping_status":"closed","template":"","meta":{"_acf_changed":false,"footnotes":""},"class_list":["post-73140","page","type-page","status-publish","has-post-thumbnail","hentry"],"acf":[],"_links":{"self":[{"href":"https:\/\/immigration.ca\/fr\/wp-json\/wp\/v2\/pages\/73140","targetHints":{"allow":["GET"]}}],"collection":[{"href":"https:\/\/immigration.ca\/fr\/wp-json\/wp\/v2\/pages"}],"about":[{"href":"https:\/\/immigration.ca\/fr\/wp-json\/wp\/v2\/types\/page"}],"author":[{"embeddable":true,"href":"https:\/\/immigration.ca\/fr\/wp-json\/wp\/v2\/users\/16"}],"replies":[{"embeddable":true,"href":"https:\/\/immigration.ca\/fr\/wp-json\/wp\/v2\/comments?post=73140"}],"version-history":[{"count":0,"href":"https:\/\/immigration.ca\/fr\/wp-json\/wp\/v2\/pages\/73140\/revisions"}],"wp:featuredmedia":[{"embeddable":true,"href":"https:\/\/immigration.ca\/fr\/wp-json\/wp\/v2\/media\/77111"}],"wp:attachment":[{"href":"https:\/\/immigration.ca\/fr\/wp-json\/wp\/v2\/media?parent=73140"}],"curies":[{"name":"wp","href":"https:\/\/api.w.org\/{rel}","templated":true}]}}