{"id":70167,"date":"2019-06-18T18:53:52","date_gmt":"2019-06-18T18:53:52","guid":{"rendered":"https:\/\/immigrationca.staging.wpengine.com\/canada-caregiver-immigration"},"modified":"2021-11-22T21:23:34","modified_gmt":"2021-11-23T02:23:34","slug":"canada-caregiver-immigration","status":"publish","type":"page","link":"https:\/\/immigration.ca\/fr\/canada-caregiver-immigration\/","title":{"rendered":"Canada immigration de soignant"},"content":{"rendered":"<p>Les projets pilotes de prestataire de services de garde en milieu familial et de pr\u00e9pos\u00e9 au soutien \u00e0 domicile, qui ont remplac\u00e9 les projets pilotes S&rsquo;occuper des enfants et des personnes ayant des besoins m\u00e9dicaux \u00e9lev\u00e9s le 18 juin 2019, proposent des options pour les candidats \u00e9trangers et ceux d\u00e9j\u00e0 au Canada.<\/p>\n<p>La voie provisoire du Canada pour les aidants naturels est une voie \u00e0 court terme destin\u00e9e aux aidants naturels qui sont arriv\u00e9s au Canada en tant que travailleurs \u00e9trangers temporaires depuis 2014 mais qui n\u2019\u00e9taient pas admissibles \u00e0 la r\u00e9sidence permanente dans le cadre d\u2019un programme existant.<span class=\"Apple-converted-space\">\u00a0 <\/span>Il rouvrira le 8 juillet 2019 et acceptera les candidatures pendant 3 mois.<\/p>\n<p>Le programme concernant les aides familiaux r\u00e9sidants a \u00e9t\u00e9 ferm\u00e9 aux nouvelles demandes en 2014, mais les candidats qui sont venus au Canada par le biais du programme peuvent toujours pr\u00e9senter une demande de r\u00e9sidence permanente.<\/p>\n<p><b>En savoir plus<\/b><\/p>\n<p>Le Canada modernise le syst\u00e8me des aides familiaux \u00e9trangers avec deux nouveaux programmes pilotes<\/p>\n<p>Est-ce que je suis admissible au nouveau cheminement provisoire du Canada pour les aidants naturels?<\/p>\n<ol>\n<li><b><\/b><br \/>\n<h3><span style=\"color: #ff0000;\"><b>Fournisseur de services de garde en milieu familial et<\/b><\/span><\/h3>\n<\/li>\n<\/ol>\n<p><b>Exigences<\/b>:<\/p>\n<ul>\n<li>Offre d&#8217;emploi<\/li>\n<li>Niveau de langue CLB 5<\/li>\n<li>1 ann\u00e9e d&rsquo;\u00e9tudes postsecondaires canadiennes ou l&rsquo;\u00e9quivalent \u00e9tranger<\/li>\n<li>La recevabilit\u00e9<\/li>\n<\/ul>\n<p><b>Demande provenant de l&rsquo;ext\u00e9rieur du Canada<\/b><\/p>\n<p><b>\u00c9tape 1. Obtenir un permis de travail<\/b><\/p>\n<p>Soumettez les demandes de r\u00e9sidence permanente et de permis de travail ou d&rsquo;\u00e9tudes pour vous et votre famille.<\/p>\n<p>Obtenez un permis de travail sp\u00e9cifique \u00e0 une profession pour acqu\u00e9rir l&rsquo;exp\u00e9rience de travail dont vous avez besoin pour la r\u00e9sidence permanente.<\/p>\n<p>Obtenez des permis de travail ou d&rsquo;\u00e9tudes pour que votre \u00e9poux ou conjoint de fait et vos enfants puissent vous accompagner.<\/p>\n<p><b>\u00c9tape 2. R\u00e9sidence permanente finalis\u00e9e<\/b><\/p>\n<p>Une fois que deux ann\u00e9es d\u2019exp\u00e9rience professionnelle sont termin\u00e9es, soumettez \u00e0 IRCC la preuve de votre r\u00e9sidence permanente.<\/p>\n<p><b>Faire une demande \u00e0 partir du Canada<\/b><\/p>\n<p>Les candidats qui ont d\u00e9j\u00e0 une exp\u00e9rience de travail en tant que soignant \u00e0 domicile au Canada peuvent choisir l&rsquo;une des deux options suivantes:<\/p>\n<ul>\n<li>Utilisez le processus en deux \u00e9tapes d\u00e9crit ci-dessus, puis compl\u00e9tez deux ann\u00e9es d&rsquo;exp\u00e9rience pour obtenir la r\u00e9sidence permanente.<\/li>\n<li>Continuez \u00e0 travailler au Canada avec votre permis de travail en cours et faites une demande de r\u00e9sidence permanente une fois que 2 ans d&rsquo;exp\u00e9rience professionnelle sont termin\u00e9s, \u00e0 condition que les conditions g\u00e9n\u00e9rales soient remplies.<\/li>\n<\/ul>\n<h3><span style=\"color: #ff0000;\"><b>2. Voie provisoire pour les aides familiaux<\/b><\/span><\/h3>\n<p><b>Crit\u00e8res d&rsquo;admissibilit\u00e9 et conditions<\/b><\/p>\n<p>Les candidats doivent r\u00e9pondre aux crit\u00e8res suivants:<\/p>\n<ol>\n<li>\u00catre autoris\u00e9 \u00e0 travailler au Canada avec un permis de travail autre qu&rsquo;un permis de travail du Programme des aides familiaux r\u00e9sidants.<\/li>\n<li>Avoir l&rsquo;intention de r\u00e9sider dans une province ou un territoire autre que le Qu\u00e9bec.<\/li>\n<li>A obtenu:\n<ol>\n<li>un dipl\u00f4me d&rsquo;\u00e9tudes canadien complet d&rsquo;au moins un dipl\u00f4me d&rsquo;\u00e9tudes secondaires;<span class=\"Apple-converted-space\">\u00a0 <\/span>ou,<\/li>\n<li>un dipl\u00f4me, un certificat ou un titre de comp\u00e9tences \u00e9trangers, ainsi qu&rsquo;une \u00e9valuation de l&rsquo;\u00e9quivalence &#8211; d\u00e9livr\u00e9e dans les cinq ans pr\u00e9c\u00e9dant la date de la demande &#8211; indiquant que le dipl\u00f4me, le certificat ou les titres de comp\u00e9tences \u00e9trangers \u00e9quivaut \u00e0 un dipl\u00f4me d&rsquo;\u00e9tudes secondaires du Canada compl\u00e9t\u00e9.<\/li>\n<\/ol>\n<\/li>\n<li>A atteint un niveau de comp\u00e9tence d&rsquo;au moins 5 points de rep\u00e8re dans l&rsquo;une ou l&rsquo;autre des langues officielles pour chacun des quatre domaines de comp\u00e9tence linguistique \u00e9nonc\u00e9s dans les Niveaux de comp\u00e9tence linguistique canadiens ou les Niveaux de comp\u00e9tence linguistique canadiens.<\/li>\n<li>Depuis le 30 novembre 2014, a acquis une ann\u00e9e d&rsquo;exp\u00e9rience de travail autoris\u00e9e \u00e0 temps plein au Canada dans le cadre d&rsquo;un permis de travail du Programme des travailleurs \u00e9trangers temporaires, quelle que soit la combinaison des professions \u00e9ligibles suivantes:\n<ol>\n<li>Dispensateur de services de garde en milieu familial selon les termes de la CNP 4411, \u00e0 l&rsquo;exception de toute exp\u00e9rience en tant que parent nourricier.<\/li>\n<li>Aide m\u00e9nager \u00e0 domicile ou profession apparent\u00e9e, mais pas femme de m\u00e9nage, selon la CNP 4412.<\/li>\n<\/ol>\n<\/li>\n<\/ol>\n<h3><span style=\"color: #ff0000;\"><b>3. Programme des aides familiaux r\u00e9sidants<\/b><\/span><\/h3>\n<p>Vous pouvez faire une demande de r\u00e9sidence permanente dans le cadre du Programme des aides familiaux r\u00e9sidants (PCAFR) si vous avez au moins deux ans d&rsquo;exp\u00e9rience de travail dans le programme et:<\/p>\n<ul>\n<li>Vous travaillez d\u00e9j\u00e0 au Canada avec un permis de travail PAFR, ou<\/li>\n<li>Vous avez obtenu votre premier permis de travail dans le cadre du PAFR, bas\u00e9 sur une \u00e9valuation de l&rsquo;impact sur le march\u00e9 du travail soumise \u00e0 Emploi et D\u00e9veloppement social Canada au plus tard le 30 novembre 2014.<\/li>\n<\/ul>\n","protected":false},"excerpt":{"rendered":"<p>Les projets pilotes de prestataire de services de garde en milieu familial et de pr\u00e9pos\u00e9 au soutien \u00e0 domicile, qui ont remplac\u00e9 les projets pilotes S&rsquo;occuper des enfants et des personnes ayant des besoins m\u00e9dicaux \u00e9lev\u00e9s le 18 juin 2019, proposent des options pour les candidats \u00e9trangers et ceux d\u00e9j\u00e0 au Canada. La voie provisoire&hellip;<\/p>\n","protected":false},"author":16,"featured_media":132129,"parent":0,"menu_order":0,"comment_status":"closed","ping_status":"closed","template":"","meta":{"_acf_changed":false,"footnotes":""},"class_list":["post-70167","page","type-page","status-publish","has-post-thumbnail","hentry","description-off"],"acf":[],"_links":{"self":[{"href":"https:\/\/immigration.ca\/fr\/wp-json\/wp\/v2\/pages\/70167","targetHints":{"allow":["GET"]}}],"collection":[{"href":"https:\/\/immigration.ca\/fr\/wp-json\/wp\/v2\/pages"}],"about":[{"href":"https:\/\/immigration.ca\/fr\/wp-json\/wp\/v2\/types\/page"}],"author":[{"embeddable":true,"href":"https:\/\/immigration.ca\/fr\/wp-json\/wp\/v2\/users\/16"}],"replies":[{"embeddable":true,"href":"https:\/\/immigration.ca\/fr\/wp-json\/wp\/v2\/comments?post=70167"}],"version-history":[{"count":0,"href":"https:\/\/immigration.ca\/fr\/wp-json\/wp\/v2\/pages\/70167\/revisions"}],"wp:featuredmedia":[{"embeddable":true,"href":"https:\/\/immigration.ca\/fr\/wp-json\/wp\/v2\/media\/132129"}],"wp:attachment":[{"href":"https:\/\/immigration.ca\/fr\/wp-json\/wp\/v2\/media?parent=70167"}],"curies":[{"name":"wp","href":"https:\/\/api.w.org\/{rel}","templated":true}]}}