{"id":64389,"date":"2019-02-06T01:26:35","date_gmt":"2019-02-06T01:26:35","guid":{"rendered":"https:\/\/immigrationca.staging.wpengine.com\/atlantic-immigration-pilot-atlantic-high-skilled-program\/"},"modified":"2019-02-26T02:49:57","modified_gmt":"2019-02-26T02:49:57","slug":"atlantic-immigration-pilot-atlantic-high-skilled-program","status":"publish","type":"page","link":"https:\/\/immigration.ca\/fr\/atlantic-immigration-pilot-atlantic-high-skilled-program\/","title":{"rendered":"Programme des travailleurs hautement qualifi\u00e9s du Canada atlantique"},"content":{"rendered":"<p><img decoding=\"async\" class=\"alignright wp-image-64379\" title=\"Atlantic Immigration Pilot: Atlantic High-Skilled Program\" src=\"https:\/\/immigration.ca\/wp-content\/uploads\/2019\/02\/High-Skilled_193787830-300x194.jpg\" alt=\"Atlantic Immigration Pilot: Atlantic High-Skilled Program\" width=\"250\" height=\"162\" srcset=\"https:\/\/immigration.ca\/wp-content\/uploads\/2019\/02\/High-Skilled_193787830-300x194.jpg 300w, https:\/\/immigration.ca\/wp-content\/uploads\/2019\/02\/High-Skilled_193787830-768x497.jpg 768w, https:\/\/immigration.ca\/wp-content\/uploads\/2019\/02\/High-Skilled_193787830-1024x662.jpg 1024w, https:\/\/immigration.ca\/wp-content\/uploads\/2019\/02\/High-Skilled_193787830-280x181.jpg 280w, https:\/\/immigration.ca\/wp-content\/uploads\/2019\/02\/High-Skilled_193787830-1170x757.jpg 1170w, https:\/\/immigration.ca\/wp-content\/uploads\/2019\/02\/High-Skilled_193787830.jpg 1200w\" sizes=\"(max-width: 250px) 100vw, 250px\" \/><\/p>\n<p>Le volet des travailleurs hautement qualifi\u00e9s du <a href=\"https:\/\/immigration.ca\/fr\/atlantic-immigration-pilot\">Programme pilote d&rsquo;immigration au Canada atlantique<\/a> vise les travailleurs qualifi\u00e9s ayant une exp\u00e9rience professionnelle de la gestion, de professionnels ou de techniciens.<\/p>\n<h3>Offre d&#8217;emploi<\/h3>\n<p>Les candidats doivent avoir une offre d&#8217;emploi :<\/p>\n<ul>\n<li>D&rsquo;un <a href=\"https:\/\/immigration.ca\/fr\/atlantic-immigration-pilot-designated-employers\">employeur d\u00e9sign\u00e9 par le PPICA<\/a> dans une province de l\u2019atlantique.<\/li>\n<li>A temps plein (au moins 30 heures par semaine) et non saisonnier.<\/li>\n<li>Dans une profession de niveau de comp\u00e9tence CNP 0, A ou B.<\/li>\n<li>D\u2019une dur\u00e9e d\u2019au moins un an.<\/li>\n<li>Accompagn\u00e9e par le formulaire appropri\u00e9 du gouvernement f\u00e9d\u00e9ral.<\/li>\n<\/ul>\n<p>Il n\u2019est pas requis que l\u2019emploi offert au candidat soit dans la m\u00eame profession que son exp\u00e9rience professionnelle ant\u00e9rieure. Cependant, un candidat doit satisfaire aux exigences en mati\u00e8re d&#8217;emploi sp\u00e9cifi\u00e9es dans la description de la CNP.<\/p>\n<h3>Exp\u00e9rience professionnelle<\/h3>\n<p>Vous devez avoir travaill\u00e9 pendant au moins un an (1 560 heures au total ou 30 heures par semaine) au cours des trois derni\u00e8res ann\u00e9es.<span class=\"Apple-converted-space\">\u00a0 <\/span>Les emplois \u00e0 temps partiel et \u00e0 temps plein sont compris.<\/p>\n<p>Le travail doit \u00eatre:<\/p>\n<ul>\n<li>Dans une seule profession (mais peut \u00eatre avec diff\u00e9rents employeurs).<\/li>\n<li>Pay\u00e9 (les stages de volontariat ou non r\u00e9mun\u00e9r\u00e9s ne comptent pas).<\/li>\n<li>Dans une profession de niveau de comp\u00e9tence CNP 0, A ou B.<\/li>\n<li>L&rsquo;exp\u00e9rience peut \u00eatre acquise au Canada ou \u00e0 l\u2019\u00e9tranger.<\/li>\n<\/ul>\n<h3>\u00c9ducation<\/h3>\n<p>Les candidats doivent avoir:<\/p>\n<ul>\n<li>Un certificat, dipl\u00f4me ou grade canadien, au niveau secondaire ou postsecondaire OU<\/li>\n<li>Un dipl\u00f4me, dipl\u00f4me ou grade obtenu \u00e0 l\u2019\u00e9tranger. Les candidats ont besoin d\u2019une \u00e9valuation des dipl\u00f4mes d\u2019\u00e9tudes (\u00c9DE) pour s\u2019assurer qu\u2019elle est valide et \u00e9gale \u00e0 un titre de comp\u00e9tence canadien. Votre \u00c9DE doit \u00eatre dat\u00e9e de moins de cinq ans au moment de votre demande.<\/li>\n<\/ul>\n<h3>Langue<\/h3>\n<p>Les candidats doivent passer un test de langue et obtenir au moins le <a href=\"https:\/\/immigration.ca\/fr\/canada-immigration-language-tests-converter\">Niveaux de comp\u00e9tence linguistique canadiens (NCLC) 4<\/a> en anglais ou en fran\u00e7ais, dans les quatre comp\u00e9tences linguistiques.<\/p>\n<p>Les r\u00e9sultats doivent \u00eatre \u00e2g\u00e9s de moins de deux ans \u00e0 la date de la demande.<\/p>\n<h3>Preuve de fonds<\/h3>\n<p>Les candidats doivent montrer qu&rsquo;ils ont assez d&rsquo;argent pour subvenir \u00e0 leurs besoins et \u00e0 ceux de leur famille apr\u00e8s l&rsquo;immigration.<span class=\"Apple-converted-space\">\u00a0<\/span><\/p>\n<p>Le montant minimum requis d\u00e9pend de la taille de la famille, y compris les membres de la famille qui n\u2019accompagne pas le candidat mais qui sont \u00e0 sa charge.<\/p>\n<p>La preuve n&rsquo;est pas n\u00e9cessaire si un candidat vit et travaille d\u00e9j\u00e0 au Canada avec un permis de travail valide.<\/p>\n<table class=\"wp-block-table is-style-stripes\" cellspacing=\"0\" cellpadding=\"0\">\n<tbody>\n<tr>\n<td valign=\"top\"><b>Nombre de membres de la famille<br \/>\n(y compris ceux qui ne vous accompagnent pas)<\/b><\/td>\n<td valign=\"top\"><b>Fonds requis<\/b><\/td>\n<\/tr>\n<tr>\n<td valign=\"top\">1<\/td>\n<td valign=\"top\">$3,167<\/td>\n<\/tr>\n<tr>\n<td valign=\"top\">2<\/td>\n<td valign=\"top\">$3,943<\/td>\n<\/tr>\n<tr>\n<td valign=\"top\">3<\/td>\n<td valign=\"top\">$4,847<\/td>\n<\/tr>\n<tr>\n<td valign=\"top\">4<\/td>\n<td valign=\"top\">$5,885<\/td>\n<\/tr>\n<tr>\n<td valign=\"top\">5<\/td>\n<td valign=\"top\">$6,675<\/td>\n<\/tr>\n<tr>\n<td valign=\"top\">6<\/td>\n<td valign=\"top\">$7,528<\/td>\n<\/tr>\n<tr>\n<td valign=\"top\">7 ou plus<\/td>\n<td valign=\"top\">$8,381<\/td>\n<\/tr>\n<\/tbody>\n<\/table>\n<p><b>Employeurs int\u00e9ress\u00e9s<\/b> : <a href=\"https:\/\/immigration.ca\/fr\/zone-employeurs-canadiens\">veuillez nous contacter<\/a> pour recevoir de plus amples informations.<\/p>\n<p><b>Candidats int\u00e9ress\u00e9s<\/b> : d\u00e9couvrez si vous \u00eates admissible au Canada en <a href=\"https:\/\/immigration.ca\/en\/free-immigration-evaluation.html\">remplissant notre \u00e9valuation gratuite en ligne<\/a>. Nous vous fournirons notre \u00e9valuation dans les 1 \u00e0 2 jours ouvrables.<\/p>\n<p>Lisez plus de nouvelles sur l&rsquo;immigration au Canada en <a href=\"https:\/\/immigration.ca\/fr\/canada-immigration-news-articles-2019\">cliquant ici<\/a>.<\/p>\n","protected":false},"excerpt":{"rendered":"<p>Le volet des travailleurs hautement qualifi\u00e9s du Programme pilote d&rsquo;immigration au Canada atlantique vise les travailleurs qualifi\u00e9s ayant une exp\u00e9rience professionnelle de la gestion, de professionnels ou de techniciens. Offre d&#8217;emploi Les candidats doivent avoir une offre d&#8217;emploi : D&rsquo;un employeur d\u00e9sign\u00e9 par le PPICA dans une province de l\u2019atlantique. A temps plein (au moins&hellip;<\/p>\n","protected":false},"author":16,"featured_media":0,"parent":0,"menu_order":0,"comment_status":"closed","ping_status":"closed","template":"","meta":{"_acf_changed":false,"footnotes":""},"class_list":["post-64389","page","type-page","status-publish","hentry","description-off"],"acf":[],"_links":{"self":[{"href":"https:\/\/immigration.ca\/fr\/wp-json\/wp\/v2\/pages\/64389","targetHints":{"allow":["GET"]}}],"collection":[{"href":"https:\/\/immigration.ca\/fr\/wp-json\/wp\/v2\/pages"}],"about":[{"href":"https:\/\/immigration.ca\/fr\/wp-json\/wp\/v2\/types\/page"}],"author":[{"embeddable":true,"href":"https:\/\/immigration.ca\/fr\/wp-json\/wp\/v2\/users\/16"}],"replies":[{"embeddable":true,"href":"https:\/\/immigration.ca\/fr\/wp-json\/wp\/v2\/comments?post=64389"}],"version-history":[{"count":0,"href":"https:\/\/immigration.ca\/fr\/wp-json\/wp\/v2\/pages\/64389\/revisions"}],"wp:attachment":[{"href":"https:\/\/immigration.ca\/fr\/wp-json\/wp\/v2\/media?parent=64389"}],"curies":[{"name":"wp","href":"https:\/\/api.w.org\/{rel}","templated":true}]}}