{"id":64368,"date":"2019-02-06T00:49:03","date_gmt":"2019-02-06T00:49:03","guid":{"rendered":"https:\/\/immigrationca.staging.wpengine.com\/atlantic-immigration-pilot-atlantic-intermediate-skilled-program\/"},"modified":"2019-02-26T02:47:03","modified_gmt":"2019-02-26T02:47:03","slug":"atlantic-immigration-pilot-atlantic-intermediate-skilled-program","status":"publish","type":"page","link":"https:\/\/immigration.ca\/fr\/atlantic-immigration-pilot-atlantic-intermediate-skilled-program\/","title":{"rendered":"Programme des dipl\u00f4m\u00e9s \u00e9trangers du Canada atlantique"},"content":{"rendered":"<p><img decoding=\"async\" class=\"wp-image-61174 alignright\" title=\"Atlantic Immigration Pilot: Atlantic Intermediate-Skilled Program\" src=\"https:\/\/immigration.ca\/wp-content\/uploads\/2019\/01\/Canada-Employment_80219694.jpeg\" alt=\"Atlantic Immigration Pilot: Atlantic Intermediate-Skilled Program\" width=\"250\" height=\"158\" srcset=\"https:\/\/immigration.ca\/wp-content\/uploads\/2019\/01\/Canada-Employment_80219694.jpeg 1200w, https:\/\/immigration.ca\/wp-content\/uploads\/2019\/01\/Canada-Employment_80219694-300x189.jpeg 300w, https:\/\/immigration.ca\/wp-content\/uploads\/2019\/01\/Canada-Employment_80219694-768x484.jpeg 768w, https:\/\/immigration.ca\/wp-content\/uploads\/2019\/01\/Canada-Employment_80219694-1024x646.jpeg 1024w, https:\/\/immigration.ca\/wp-content\/uploads\/2019\/01\/Canada-Employment_80219694-280x177.jpeg 280w, https:\/\/immigration.ca\/wp-content\/uploads\/2019\/01\/Canada-Employment_80219694-1170x738.jpeg 1170w, https:\/\/immigration.ca\/wp-content\/uploads\/2019\/01\/Canada-Employment_80219694-1198x757.jpeg 1198w, https:\/\/immigration.ca\/wp-content\/uploads\/2019\/01\/Canada-Employment_80219694-700x442.jpeg 700w, https:\/\/immigration.ca\/wp-content\/uploads\/2019\/01\/Canada-Employment_80219694-1152x726.jpeg 1152w\" sizes=\"(max-width: 250px) 100vw, 250px\" \/><\/p>\n<p>Le volet de dipl\u00f4m\u00e9es \u00e9trangers du <a href=\"https:\/\/immigration.ca\/fr\/atlantic-immigration-pilot\">programme des dipl\u00f4m\u00e9s \u00e9trangers du Canada atlantique<\/a> s&rsquo;adresse aux candidats titulaires d&rsquo;un dipl\u00f4me, certificat ou autre titre d&rsquo;un \u00e9tablissement financ\u00e9 par des fonds publics dans une province atlantique.<\/p>\n<h3>Offre d&#8217;emploi<\/h3>\n<p>Les candidats doivent avoir une offre d&#8217;emploi :<\/p>\n<ul>\n<li>D&rsquo;un <a href=\"https:\/\/immigration.ca\/fr\/atlantic-immigration-pilot-designated-employers\">employeur d\u00e9sign\u00e9 par le PPICA<\/a> dans une province de l\u2019atlantique.<\/li>\n<li>A temps plein (au moins 30 heures par semaine) et non saisonnier.<\/li>\n<li>Dans une profession de niveau de comp\u00e9tence CNP 0, A, B ou C.<\/li>\n<li>D\u2019une dur\u00e9e d\u2019au moins un an.<\/li>\n<li>Accompagn\u00e9e par le formulaire appropri\u00e9 du gouvernement f\u00e9d\u00e9ral.<\/li>\n<\/ul>\n<p>L\u2019offre d\u2019emploi d\u2019un candidat n\u2019a pas besoin d\u2019\u00eatre dans la m\u00eame profession que son exp\u00e9rience professionnelle ant\u00e9rieure. Cependant, un candidat doit satisfaire aux exigences en mati\u00e8re d&#8217;emploi sp\u00e9cifi\u00e9es dans la CNP.<\/p>\n<h3>Exp\u00e9rience professionnelle<\/h3>\n<p>Les candidats n&rsquo;ont pas besoin d&rsquo;exp\u00e9rience de travail.<\/p>\n<h3>\u00c9ducation<\/h3>\n<p>Les candidats doivent:<\/p>\n<ul>\n<li>Avoir re\u00e7u un dipl\u00f4me, un certificat ou un titre de comp\u00e9tence d&rsquo;une dur\u00e9e minimale de deux ans d&rsquo;un \u00e9tablissement reconnu et financ\u00e9 par le public situ\u00e9 dans une province de l&rsquo;Atlantique.<\/li>\n<li>Avoir \u00e9tudi\u00e9 \u00e0 temps plein au Canada depuis au moins deux ans.<\/li>\n<li>Avoir re\u00e7u leur dipl\u00f4m\u00e9 dans les 12 mois pr\u00e9c\u00e9dant la date de la demande.<\/li>\n<li>Avoir v\u00e9cu dans l&rsquo;une des provinces de l&rsquo;Atlantique pendant au moins 16 mois au cours des deux derni\u00e8res ann\u00e9es pr\u00e9c\u00e9dant l&rsquo;obtention de son dipl\u00f4me.<\/li>\n<li>Avoir eu un statut l\u00e9gal au Canada.<\/li>\n<\/ul>\n<p>Un candidat ne se qualifie pas si ses \u00e9tude ou sa formation comprenait:<\/p>\n<ul>\n<li>Cours d&rsquo;anglais ou de fran\u00e7ais langue seconde pour plus de la moiti\u00e9 du programme.<\/li>\n<li>Apprentissage \u00e0 distance entrepris pour plus de la moiti\u00e9 du programme.<\/li>\n<\/ul>\n<p>Un candidat ne peut pas postuler si sa bourse d&rsquo;\u00e9tudes lui impose de retourner dans son pays d&rsquo;origine apr\u00e8s l&rsquo;obtention de son dipl\u00f4me.<\/p>\n<h3>Langue<\/h3>\n<p>Les candidats doivent passer un test de langue et obtenir au moins le <a href=\"https:\/\/immigration.ca\/fr\/canada-immigration-language-tests-converter\">Niveaux de comp\u00e9tence linguistique canadiens (NCLC) 4<\/a> en anglais ou en fran\u00e7ais, dans les quatre comp\u00e9tences linguistiques.<\/p>\n<p>Les r\u00e9sultats doivent \u00eatre \u00e2g\u00e9s de moins de deux ans \u00e0 la date de la demande.<\/p>\n<h3>Preuve de fonds<\/h3>\n<p>Les candidats doivent montrer qu&rsquo;ils ont assez d&rsquo;argent pour subvenir \u00e0 leurs besoins et \u00e0 ceux de leur famille apr\u00e8s l&rsquo;immigration.<span class=\"Apple-converted-space\">\u00a0<\/span><\/p>\n<p>Le montant minimum requis d\u00e9pend de la taille de la famille, y compris les membres de la famille qui n\u2019accompagne pas le candidat mais qui sont \u00e0 sa charge.<\/p>\n<p>La preuve n&rsquo;est pas n\u00e9cessaire si un candidat vit et travaille d\u00e9j\u00e0 au Canada avec un permis de travail valide.<\/p>\n<table class=\"wp-block-table is-style-stripes\" cellspacing=\"0\" cellpadding=\"0\">\n<tbody>\n<tr>\n<td valign=\"top\"><b>Nombre de membres de la famille<br \/>\n(y compris ceux qui ne vous accompagnent pas)<\/b><\/td>\n<td valign=\"top\"><b>Fonds requis<\/b><\/td>\n<\/tr>\n<tr>\n<td valign=\"top\">1<\/td>\n<td valign=\"top\">$3,167<\/td>\n<\/tr>\n<tr>\n<td valign=\"top\">2<\/td>\n<td valign=\"top\">$3,943<\/td>\n<\/tr>\n<tr>\n<td valign=\"top\">3<\/td>\n<td valign=\"top\">$4,847<\/td>\n<\/tr>\n<tr>\n<td valign=\"top\">4<\/td>\n<td valign=\"top\">$5,885<\/td>\n<\/tr>\n<tr>\n<td valign=\"top\">5<\/td>\n<td valign=\"top\">$6,675<\/td>\n<\/tr>\n<tr>\n<td valign=\"top\">6<\/td>\n<td valign=\"top\">$7,528<\/td>\n<\/tr>\n<tr>\n<td valign=\"top\">7 ou plus<\/td>\n<td valign=\"top\">$8,381<\/td>\n<\/tr>\n<\/tbody>\n<\/table>\n<p><b>Employeurs int\u00e9ress\u00e9s<\/b> : <a href=\"https:\/\/immigration.ca\/fr\/zone-employeurs-canadiens\">veuillez nous contacter<\/a> pour recevoir de plus amples informations.<\/p>\n<p><b>Candidats int\u00e9ress\u00e9s<\/b> : d\u00e9couvrez si vous \u00eates admissible au Canada en <a href=\"https:\/\/immigration.ca\/en\/free-immigration-evaluation.html\">remplissant notre \u00e9valuation gratuite en ligne<\/a>. Nous vous fournirons notre \u00e9valuation dans les 1 \u00e0 2 jours ouvrables.<\/p>\n<p>Lisez plus de nouvelles sur l&rsquo;immigration au Canada en <a href=\"https:\/\/immigration.ca\/fr\/canada-immigration-news-articles-2019\">cliquant ici<\/a>.<\/p>\n","protected":false},"excerpt":{"rendered":"<p>Le volet de dipl\u00f4m\u00e9es \u00e9trangers du programme des dipl\u00f4m\u00e9s \u00e9trangers du Canada atlantique s&rsquo;adresse aux candidats titulaires d&rsquo;un dipl\u00f4me, certificat ou autre titre d&rsquo;un \u00e9tablissement financ\u00e9 par des fonds publics dans une province atlantique. Offre d&#8217;emploi Les candidats doivent avoir une offre d&#8217;emploi : D&rsquo;un employeur d\u00e9sign\u00e9 par le PPICA dans une province de l\u2019atlantique.&hellip;<\/p>\n","protected":false},"author":16,"featured_media":0,"parent":0,"menu_order":0,"comment_status":"closed","ping_status":"closed","template":"","meta":{"_acf_changed":false,"footnotes":""},"class_list":["post-64368","page","type-page","status-publish","hentry","description-off"],"acf":[],"_links":{"self":[{"href":"https:\/\/immigration.ca\/fr\/wp-json\/wp\/v2\/pages\/64368","targetHints":{"allow":["GET"]}}],"collection":[{"href":"https:\/\/immigration.ca\/fr\/wp-json\/wp\/v2\/pages"}],"about":[{"href":"https:\/\/immigration.ca\/fr\/wp-json\/wp\/v2\/types\/page"}],"author":[{"embeddable":true,"href":"https:\/\/immigration.ca\/fr\/wp-json\/wp\/v2\/users\/16"}],"replies":[{"embeddable":true,"href":"https:\/\/immigration.ca\/fr\/wp-json\/wp\/v2\/comments?post=64368"}],"version-history":[{"count":0,"href":"https:\/\/immigration.ca\/fr\/wp-json\/wp\/v2\/pages\/64368\/revisions"}],"wp:attachment":[{"href":"https:\/\/immigration.ca\/fr\/wp-json\/wp\/v2\/media?parent=64368"}],"curies":[{"name":"wp","href":"https:\/\/api.w.org\/{rel}","templated":true}]}}