{"id":62446,"date":"2019-01-23T19:02:17","date_gmt":"2019-01-23T19:02:17","guid":{"rendered":"https:\/\/immigrationca.staging.wpengine.com\/british-columbia-skills-immigration-streams\/"},"modified":"2021-11-22T21:13:03","modified_gmt":"2021-11-23T02:13:03","slug":"british-columbia-skills-immigration-streams","status":"publish","type":"page","link":"https:\/\/immigration.ca\/fr\/british-columbia-skills-immigration-streams\/","title":{"rendered":"L\u2019immigration qualifi\u00e9e en Colombie-Britannique"},"content":{"rendered":"\t\t<div data-elementor-type=\"wp-page\" data-elementor-id=\"62446\" class=\"elementor elementor-62446 elementor-62443\" data-elementor-post-type=\"page\">\n\t\t\t\t\t\t<section class=\"elementor-section elementor-top-section elementor-element elementor-element-2bb13c98 elementor-section-boxed elementor-section-height-default elementor-section-height-default\" data-id=\"2bb13c98\" data-element_type=\"section\" data-e-type=\"section\">\n\t\t\t\t\t\t<div class=\"elementor-container elementor-column-gap-default\">\n\t\t\t\t\t<div class=\"elementor-column elementor-col-100 elementor-top-column elementor-element elementor-element-57c1fcd1\" data-id=\"57c1fcd1\" data-element_type=\"column\" data-e-type=\"column\">\n\t\t\t<div class=\"elementor-widget-wrap elementor-element-populated\">\n\t\t\t\t\t\t<div class=\"elementor-element elementor-element-c564c83 elementor-widget elementor-widget-text-editor\" data-id=\"c564c83\" data-element_type=\"widget\" data-e-type=\"widget\" data-widget_type=\"text-editor.default\">\n\t\t\t\t<div class=\"elementor-widget-container\">\n\t\t\t\t\t\t\t\t\t<p><img decoding=\"async\" class=\"alignright wp-image-41117\" title=\"British Columbia Skills Immigration Streams\" src=\"https:\/\/immigration.ca\/wp-content\/uploads\/2017\/12\/skyline-with-capital-in-victoria-british-columbia-canada-1024x739.jpg\" alt=\"British Columbia Skills Immigration Streams\" width=\"250\" height=\"180\" srcset=\"https:\/\/immigration.ca\/wp-content\/uploads\/2017\/12\/skyline-with-capital-in-victoria-british-columbia-canada-1024x739.jpg 1024w, https:\/\/immigration.ca\/wp-content\/uploads\/2017\/12\/skyline-with-capital-in-victoria-british-columbia-canada-300x216.jpg 300w, https:\/\/immigration.ca\/wp-content\/uploads\/2017\/12\/skyline-with-capital-in-victoria-british-columbia-canada-768x554.jpg 768w, https:\/\/immigration.ca\/wp-content\/uploads\/2017\/12\/skyline-with-capital-in-victoria-british-columbia-canada-259x187.jpg 259w, https:\/\/immigration.ca\/wp-content\/uploads\/2017\/12\/skyline-with-capital-in-victoria-british-columbia-canada-1170x844.jpg 1170w, https:\/\/immigration.ca\/wp-content\/uploads\/2017\/12\/skyline-with-capital-in-victoria-british-columbia-canada-700x505.jpg 700w, https:\/\/immigration.ca\/wp-content\/uploads\/2017\/12\/skyline-with-capital-in-victoria-british-columbia-canada-1152x831.jpg 1152w, https:\/\/immigration.ca\/wp-content\/uploads\/2017\/12\/skyline-with-capital-in-victoria-british-columbia-canada.jpg 1200w\" sizes=\"(max-width: 250px) 100vw, 250px\" \/><\/p><p>Le Programme des candidats de la Colombie-Britannique (PCP C-B) vise les personnes qui r\u00e9pondent aux besoins du march\u00e9 du travail de la province et qui ont l\u2019intention de s\u2019installer de mani\u00e8re permanente en Colombie-Britannique.<\/p><p>Le PCP C-B accepte les candidatures de travailleurs qualifi\u00e9s \u00e0 travers deux cat\u00e9gories: Immigration qualifi\u00e9e et Entr\u00e9e express C-B, chacune avec leurs propres volets.<\/p><p>La cat\u00e9gorie de l\u2019immigration qualifi\u00e9 (IQ) cible les travailleurs qualifi\u00e9s et semi-qualifi\u00e9s des <a href=\"https:\/\/immigration.ca\/fr\/british-columbia-immigration-target-occupations\">professions \u00e0 forte demande<\/a> en Colombie-Britannique. Elle est \u00e9galement divis\u00e9e en cinq volets:<\/p><ul><li><a href=\"https:\/\/immigration.ca\/fr\/immigration-colombie-britannique#skilledworker\">Travailleurs qualifi\u00e9s<\/a><\/li><li><a href=\"https:\/\/immigration.ca\/fr\/immigration-colombie-britannique#designatedhealthprof\">Professionnels de la sant\u00e9<\/a><\/li><li><a href=\"https:\/\/immigration.ca\/fr\/immigration-colombie-britannique#internationalgrad\">Dipl\u00f4m\u00e9s Internationaux<\/a><\/li><li><a href=\"https:\/\/immigration.ca\/fr\/immigration-colombie-britannique#internationalpostgrad\">Post-dipl\u00f4m\u00e9s Internationaux<\/a><\/li><li><a href=\"https:\/\/immigration.ca\/fr\/immigration-colombie-britannique#entrylevel\">Travailleurs semi-qualifi\u00e9s et d\u00e9butants<\/a><\/li><\/ul><h3 id=\"mcetoc_1efgcsgj50\">Rondes d\u2019invitations du PCP C-B<\/h3><p>Le PCP C-B envoie p\u00e9riodiquement des invitations \u00e0 pr\u00e9senter une demande (IPD) aux candidats les mieux class\u00e9s dans <b>trois volets du programme<\/b> : les travailleurs qualifi\u00e9s, les dipl\u00f4m\u00e9s internationaux et les travailleurs d\u00e9butants et semi-qualifi\u00e9s.<\/p><p>Les d\u00e9tails et la m\u00e9thodologie utilis\u00e9e pour chaque ronde sont publi\u00e9s apr\u00e8s le tirage.<\/p><p><b>Tirages de la Colombie-Britannique<\/b><\/p><h3 id=\"mcetoc_1efgcsgj51\">Exigences g\u00e9n\u00e9rales<\/h3><p>Un candidat retenu dans la cat\u00e9gorie de l\u2019immigration qualifi\u00e9e doit satisfaire \u00e0 toutes les exigences du programme au moment de l&rsquo;inscription et, le cas \u00e9ch\u00e9ant, de la d\u00e9signation.<\/p><p>Sauf indication contraire dans les exigences sp\u00e9cifiques de chaque cat\u00e9gorie, les conditions suivantes sont requises pour <b>tous les candidats qualifi\u00e9s<\/b> :<\/p><ul><li><b>Offre d&#8217;emploi \u00e0 temps plein pour une dur\u00e9e ind\u00e9termin\u00e9e propos\u00e9e par un employeur de la Colombie-Britannique dans une profession qualifi\u00e9e<\/b> (comp\u00e9tences de type 0 et niveau de comp\u00e9tence A ou B de la CNP), accept\u00e9e par le candidat potentiel.<\/li><li>Le candidat doit avoir les qualifications et l&rsquo;exp\u00e9rience requises pour effectuer le travail propos\u00e9.<\/li><li>Seule l&rsquo;exp\u00e9rience de travail acquise l\u00e9galement sera prise en compte.<\/li><li>Le salaire offert doit \u00eatre comparable \u00e0 ce qui est pay\u00e9 en Colombie-Britannique pour la profession.<\/li><li>Lorsque l&#8217;emploi propos\u00e9 est class\u00e9 dans les niveaux de comp\u00e9tence B, C ou D, le candidat doit d\u00e9montrer une ma\u00eetrise de la langue <a href=\"https:\/\/immigration.ca\/fr\/canada-immigration-language-tests-converter\">CLB \/ NCLC 4<\/a> en anglais et en fran\u00e7ais et dans les quatre comp\u00e9tences linguistiques.<\/li><li>Lorsque l&#8217;emploi propos\u00e9 est class\u00e9 dans le type de comp\u00e9tence 0 ou le niveau de comp\u00e9tence A, des r\u00e9sultats de test valides ne sont pas requis au moment de l&rsquo;inscription, sauf si des points sont revendiqu\u00e9s pour le facteur de la langue; Cependant, le PCP C-B peut demander des r\u00e9sultats en tout moment du processus.<\/li><li>Remplir les exigences de revenu minimum en fonction de la r\u00e9sidence en Colombie-Britannique et du nombre de personnes \u00e0 votre charge.<\/li><li>Ne pas d\u00e9tenir plus de 10% du capital de la soci\u00e9t\u00e9 offrant du travail en Colombie-Britannique au cours des cinq ann\u00e9es pr\u00e9c\u00e9dant la demande et tout au long du processus de demande.<\/li><li>Le PCP C-B doit d\u00e9terminer si la demande d&#8217;emploi et \/ ou les perspectives d&#8217;emploi sont positives.<\/li><li>D\u00e9montrer la capacit\u00e9 et l&rsquo;intention de s&rsquo;\u00e9tablir en Colombie-Britannique<\/li><li>Soumettre une demande compl\u00e8te et payer les frais de demande de 1,150 $.<\/li><\/ul><h3 id=\"mcetoc_1efgcsgj52\">Exigences g\u00e9n\u00e9rales pour les employeurs<\/h3><ul><li>\u00catre \u00e9tabli comme employeur en r\u00e8gle en Colombie-Britannique<\/li><li>Fournir au demandeur un emploi \u00e0 temps plein, ind\u00e9termin\u00e9 (permanent ou sans date de fin d\u00e9termin\u00e9e).<\/li><li>Avoir une histoire de bonnes pratiques de travail et d&rsquo;entreprise.<\/li><li>Signer une d\u00e9claration de l&#8217;employeur.<\/li><li>R\u00e9pondre aux exigences de recrutement sur le march\u00e9 du travail national, le cas \u00e9ch\u00e9ant.<\/li><\/ul><h3 id=\"mcetoc_1efgcsgj53\">Travailleurs qualifi\u00e9s &#8211; Crit\u00e8res sp\u00e9cifiques d&rsquo;\u00e9ligibilit\u00e9<\/h3><p>Ce volet constitue une voie d&rsquo;acc\u00e8s \u00e0 la r\u00e9sidence permanente pour les professionnels, les gestionnaires, les professionnels techniques, ou autres m\u00e9tiers sp\u00e9cialis\u00e9s.<\/p><p>Afin de se qualifier pour cette cat\u00e9gorie, en plus des exigences g\u00e9n\u00e9rales, un candidat int\u00e9ress\u00e9 doit \u00e9galement :<\/p><ul><li>Avoir au moins <b>deux ans d&rsquo;exp\u00e9rience de travail<\/b> \u00e0 temps plein directement li\u00e9e \u00e0 l&#8217;emploi propos\u00e9.<\/li><li>D\u00e9tenir une <b>offre d&#8217;emploi \u00e0 dur\u00e9e ind\u00e9termin\u00e9e \u00e0 temps plein d&rsquo;un employeur \u00e9ligible de la Colombie-Britannique<\/b> \u00e0 un salaire convenable.<\/li><\/ul><h3 id=\"mcetoc_1efgcsgj54\">Professionnels de la sant\u00e9 &#8211; Crit\u00e8res sp\u00e9cifiques d&rsquo;\u00e9ligibilit\u00e9<\/h3><p>Les candidats de cette cat\u00e9gorie peuvent \u00eatre des infirmi\u00e8res praticiennes, des infirmi\u00e8res autoris\u00e9es, des infirmi\u00e8res psychiatriques, des m\u00e9decins ou des professionnels de la sant\u00e9, recrut\u00e9s par les autorit\u00e9s de sant\u00e9 provinciales et r\u00e9gionales et administr\u00e9s par l&rsquo;interm\u00e9diaire de Health Match C-B (un service de recrutement financ\u00e9 par le gouvernement provincial).<\/p><p>Afin de se qualifier pour cette cat\u00e9gorie, en plus des exigences g\u00e9n\u00e9rales, un candidat int\u00e9ress\u00e9 doit:<\/p><ul><li>D\u00e9tenir une <b>offre d&#8217;emploi \u00e0 temps plein et \u00e0 dur\u00e9e ind\u00e9termin\u00e9e<\/b> d&rsquo;une des autorit\u00e9s r\u00e9gionales de la sant\u00e9 de la Colombie-Britannique ou de la Autorit\u00e9 provinciale des services de sant\u00e9 en tant que m\u00e9decin, m\u00e9decin sp\u00e9cialiste, infirmi\u00e8re autoris\u00e9e, infirmi\u00e8re psychiatrique autoris\u00e9e, infirmi\u00e8re praticienne ou professionnel de la sant\u00e9 (technologue en \u00e9chographie, pharmacien clinicien) , technologiste de laboratoire m\u00e9dical, technologue en radiation m\u00e9dicale, ergoth\u00e9rapeute, physioth\u00e9rapeute).<\/li><li>Une <b>sage-femme<\/b> doit avoir une lettre de confirmation d&rsquo;un groupe de pratique \u00e9tabli en Colombie-Britannique confirmant l&rsquo;acceptation dans le groupe en tant que sage-femme affili\u00e9e pendant au moins six mois.<\/li><li>Minimum de <b>deux ans d&rsquo;exp\u00e9rience \u00e0 temps plein<\/b> directement li\u00e9e \u00e0 l&#8217;emploi offert.<\/li><\/ul><h3 id=\"mcetoc_1efgcsgj55\">Dipl\u00f4m\u00e9s internationaux &#8211; Crit\u00e8res sp\u00e9cifiques d&rsquo;\u00e9ligibilit\u00e9<\/h3><p>Cette cat\u00e9gorie s\u2019adresse aux ressortissants \u00e9trangers dipl\u00f4m\u00e9s d\u2019\u00e9tablissements postsecondaires canadiens au cours des trois ann\u00e9es pr\u00e9c\u00e9dant la demande.<\/p><p>Afin de se qualifier pour cette cat\u00e9gorie, en plus des exigences g\u00e9n\u00e9rales, un candidat int\u00e9ress\u00e9 doit:<\/p><ul><li>D\u00e9tenir un <b>dipl\u00f4me admissible<\/b> d&rsquo;un \u00e9tablissement postsecondaire canadien \u00e0 la suite d&rsquo;un programme d&rsquo;\u00e9tudes d&rsquo;au moins 12 mois d&rsquo;\u00e9tudes \u00e0 temps plein dans les trois ann\u00e9es pr\u00e9c\u00e9dant la demande.<\/li><li>Accepter une <b>offre d&#8217;emploi \u00e0 temps plein d&rsquo;une dur\u00e9e ind\u00e9termin\u00e9e d&rsquo;un employeur de la Colombie-Britannique<\/b> pour un emploi dans les niveaux de comp\u00e9tence 0, A ou B de la CNP, qui n\u00e9cessite g\u00e9n\u00e9ralement une formation universitaire ou coll\u00e9giale.<\/li><\/ul><h3 id=\"mcetoc_1efgcsgj56\">Post-dipl\u00f4m\u00e9s internationaux &#8211; Crit\u00e8res sp\u00e9cifiques d&rsquo;\u00e9ligibilit\u00e9<\/h3><p>Ce programme permet aux dipl\u00f4m\u00e9s qualifi\u00e9s d&rsquo;un \u00e9tablissement postsecondaire de la Colombie-Britannique de s&rsquo;\u00e9tablir dans la province. Aucune offre d&#8217;emploi n&rsquo;est requise pour postuler dans cette cat\u00e9gorie.<\/p><p>Afin de se qualifier pour cette cat\u00e9gorie, en plus des exigences g\u00e9n\u00e9rales, un candidat int\u00e9ress\u00e9 doit:<\/p><ul><li>D\u00e9tenir une <b>ma\u00eetrise ou un doctorat admissible<\/b> d&rsquo;un \u00e9tablissement d&rsquo;enseignement postsecondaire reconnu de la Colombie-Britannique dans un domaine d&rsquo;\u00e9tudes d\u00e9sign\u00e9 en sciences naturelles, appliqu\u00e9es ou en sciences de la sant\u00e9, au cours des trois ann\u00e9es pr\u00e9c\u00e9dant leur demande:<ul><li>Agriculture<\/li><li>Sciences biologiques et biom\u00e9dicales<\/li><li>Informatique et sciences de l&rsquo;information et services d&rsquo;assistance<\/li><li>Ing\u00e9nierie<\/li><li>Technologie d&rsquo;ing\u00e9nierie<\/li><li>Professions de la sant\u00e9 et sciences cliniques connexes<\/li><li>Math\u00e9matiques et statistiques<\/li><li>Conservation des ressources naturelles et recherche<\/li><li>Sciences physiques<\/li><\/ul><\/li><\/ul><h3 id=\"mcetoc_1efgcsgj57\">Travailleurs d\u00e9butants et semi-qualifi\u00e9s &#8211; Crit\u00e8res sp\u00e9cifiques d&rsquo;\u00e9ligibilit\u00e9<\/h3><p>Cette cat\u00e9gorie vise les travailleurs \u00e9trangers temporaires travaillant en Colombie-Britannique et exer\u00e7ant une profession \u00e9ligible dans les services d\u2019h\u00f4tellerie \/ tourisme, le camionnage sur de longues distances et la transformation des aliments.<\/p><p>Pour la R\u00e9gion de d\u00e9veloppement du nord-est de la province, toute occupation de niveau C ou D selon le CNP est accept\u00e9e.<\/p><p>Afin de se qualifier pour cette cat\u00e9gorie, en plus des exigences g\u00e9n\u00e9rales, un candidat int\u00e9ress\u00e9 doit:<\/p><ul><li>D\u00e9tenir une <b>offre d&#8217;emploi \u00e0 temps plein et \u00e0 dur\u00e9e ind\u00e9termin\u00e9e dans une profession \u00e9ligible<\/b>.<\/li><li><b>\u00catre employ\u00e9<\/b> \u00e0 temps plein par l&#8217;employeur de la Colombie-Britannique qui a fait l&rsquo;offre <b>pendant au moins 9 mois cons\u00e9cutifs,<\/b> dans une profession \u00e9ligible.<\/li><li>Avoir termin\u00e9 12 ann\u00e9es d&rsquo;\u00e9ducation formelle.<\/li><li>Satisfaire \u00e0 toutes les exigences r\u00e9glementaires ou de licence pour le poste propos\u00e9.<\/li><li>D\u00e9montrer des comp\u00e9tences linguistiques de base dans l\u2019une des langues officielles du Canada.<\/li><\/ul><h3 id=\"mcetoc_1efgcsgj58\">Processus de demande<\/h3><p><b>\u00c9tape 1. Inscription<\/b><\/p><p>Le PCP1 C-B utilise un <b>Syst\u00e8me d&rsquo;enregistrement des comp\u00e9tences<\/b> (SEC) pour son programme d&rsquo;immigration. Il s\u2019agit d\u2019un syst\u00e8me dynamique de gestion des admissions qui permet \u00e0 la Colombie-Britannique de hi\u00e9rarchiser les candidats \u00e0 fort impact.<\/p><p>Les candidats int\u00e9ress\u00e9s doivent enregistrer une d\u00e9claration d&rsquo;int\u00e9r\u00eat gratuite via le syst\u00e8me PC C-B en ligne.<\/p><p>Les candidats int\u00e9ress\u00e9s de deux volets peuvent s&rsquo;inscrire directement aupr\u00e8s du PCP C-B en ligne: les professionnels de la sant\u00e9 et les post-dipl\u00f4m\u00e9s internationaux.<\/p><p><b>\u00c9tape 2. Invitation \u00e0 pr\u00e9senter une demande<\/b><\/p><p>SEC fonctionne sous un syst\u00e8me de points qui donne aux candidats un score d&rsquo;inscription qui d\u00e9termine s&rsquo;ils peuvent \u00eatre invit\u00e9s \u00e0 postuler. Le score est bas\u00e9 sur un certain nombre de facteurs &#8211; tels que le niveau de formation, des ann\u00e9es d\u2019exp\u00e9rience de travail directe et une offre d\u2019emploi en Colombie-Britannique &#8211; qui refl\u00e8tent la capacit\u00e9 d\u2019un individu \u00e0 r\u00e9ussir sur le march\u00e9 du travail et \u00e0 contribuer \u00e0 l\u2019\u00e9conomie provinciale.<\/p><p>Les profils les mieux not\u00e9s re\u00e7oivent une invitation \u00e0 pr\u00e9senter une demande (IPD) pour une d\u00e9signation provinciale.<\/p><p><b>\u00c9tape 3. Demande<\/b><\/p><p>Apr\u00e8s avoir re\u00e7u une IPD, le candidat doit soumettre une candidature compl\u00e8te via le PCP C-B en ligne dans les 30 jours et payer les frais de traitement de 700 $.<\/p><p><b>\u00c9tape 4. D\u00e9signation<\/b><\/p><p>Les candidats approuv\u00e9s re\u00e7oivent un certificat de d\u00e9signation leur permettant de pr\u00e9senter une demande de r\u00e9sidence permanente au gouvernement f\u00e9d\u00e9ral.<\/p><p>Pour pouvoir travailler en Colombie-Britannique lorsqu&rsquo;une demande est en traitement, un candidat int\u00e9ress\u00e9 peut demander une lettre d&rsquo;appui \u00e0 la PCP C-B.<\/p><p><b>\u00c9tape 5. Demande IRCC<\/b><\/p><p>Apr\u00e8s des contr\u00f4les de sant\u00e9, de criminalit\u00e9 et de s\u00e9curit\u00e9, les candidats approuv\u00e9s re\u00e7oivent un visa de r\u00e9sident permanent.<\/p>\t\t\t\t\t\t\t\t<\/div>\n\t\t\t\t<\/div>\n\t\t\t\t\t<\/div>\n\t\t<\/div>\n\t\t\t\t\t<\/div>\n\t\t<\/section>\n\t\t\t\t<\/div>\n\t\t","protected":false},"excerpt":{"rendered":"<p>Le Programme des candidats de la Colombie-Britannique (PCP C-B) vise les personnes qui r\u00e9pondent aux besoins du march\u00e9 du travail de la province et qui ont l\u2019intention de s\u2019installer de mani\u00e8re permanente en Colombie-Britannique. Le PCP C-B accepte les candidatures de travailleurs qualifi\u00e9s \u00e0 travers deux cat\u00e9gories: Immigration qualifi\u00e9e et Entr\u00e9e express C-B, chacune avec&hellip;<\/p>\n","protected":false},"author":16,"featured_media":139709,"parent":0,"menu_order":0,"comment_status":"closed","ping_status":"closed","template":"","meta":{"_acf_changed":false,"footnotes":""},"class_list":["post-62446","page","type-page","status-publish","has-post-thumbnail","hentry"],"acf":[],"_links":{"self":[{"href":"https:\/\/immigration.ca\/fr\/wp-json\/wp\/v2\/pages\/62446","targetHints":{"allow":["GET"]}}],"collection":[{"href":"https:\/\/immigration.ca\/fr\/wp-json\/wp\/v2\/pages"}],"about":[{"href":"https:\/\/immigration.ca\/fr\/wp-json\/wp\/v2\/types\/page"}],"author":[{"embeddable":true,"href":"https:\/\/immigration.ca\/fr\/wp-json\/wp\/v2\/users\/16"}],"replies":[{"embeddable":true,"href":"https:\/\/immigration.ca\/fr\/wp-json\/wp\/v2\/comments?post=62446"}],"version-history":[{"count":0,"href":"https:\/\/immigration.ca\/fr\/wp-json\/wp\/v2\/pages\/62446\/revisions"}],"wp:featuredmedia":[{"embeddable":true,"href":"https:\/\/immigration.ca\/fr\/wp-json\/wp\/v2\/media\/139709"}],"wp:attachment":[{"href":"https:\/\/immigration.ca\/fr\/wp-json\/wp\/v2\/media?parent=62446"}],"curies":[{"name":"wp","href":"https:\/\/api.w.org\/{rel}","templated":true}]}}