{"id":149075,"date":"2025-07-30T15:56:32","date_gmt":"2025-07-30T19:56:32","guid":{"rendered":"https:\/\/immigration.ca\/?page_id=149075"},"modified":"2025-07-30T16:09:06","modified_gmt":"2025-07-30T20:09:06","slug":"download-our-essential-guide-for-newcomers","status":"publish","type":"page","link":"https:\/\/immigration.ca\/fr\/download-our-essential-guide-for-newcomers\/","title":{"rendered":"Download our Essential Guide for Newcomers"},"content":{"rendered":"\n<h3 class=\"wp-block-heading\">Pr\u00eat \u00e0 r\u00e9aliser votre r\u00eave canadien\u202f?<\/h3>\n\n\n\n<p>Remplissez le formulaire rapide ci\u2011dessous et nous vous enverrons par courriel un lien direct vers notre\u202fGuide essentiel pour les nouveaux arrivants au Canada\u202f\u2014 une liste de v\u00e9rification \u00e9tape\u202fpar\u202f\u00e9tape qui couvre\u202f:<\/p>\n\n\n\n<h4 class=\"wp-block-heading\">\u2708\ufe0f\u202fPr\u00e9paratifs avant le d\u00e9part\u202f:<\/h4>\n\n\n\n<p>Passeports, comptes bancaires, logement, assurance maladie, etc.<\/p>\n\n\n\n<h4 class=\"wp-block-heading\">\u2705\u202fPremiers indispensables\u202f:<\/h4>\n\n\n\n<p>NAS, forfait mobile, soins de sant\u00e9, internet, options de transport.<\/p>\n\n\n\n<h4 class=\"wp-block-heading\">\u23f3\u202fR\u00e9ussite \u00e0 long terme\u202f:<\/h4>\n\n\n\n<p>Programmes linguistiques, conseils de carri\u00e8re, services d\u2019\u00e9tablissement et voies vers la citoyennet\u00e9.<\/p>\n\n\n\n<hr class=\"wp-block-separator has-alpha-channel-opacity\"\/>\n\n\n\n<p>Que vous arriviez comme travailleur, \u00e9tudiant ou nouveau r\u00e9sident permanent, ce guide regroupe toutes les informations incontournables au m\u00eame endroit pour r\u00e9duire votre stress et vous concentrer sur le d\u00e9but de votre nouvelle vie.<\/p>\n\n\n\n<p><em><strong>Remplissez le formulaire ci\u2011dessous et consultez votre bo\u00eete de r\u00e9ception pour un acc\u00e8s imm\u00e9diat.<\/strong><\/em><\/p>\n\n\n\n<hr class=\"wp-block-separator has-alpha-channel-opacity\"\/>\n\n\n\n<h3 class=\"wp-block-heading\"><strong>Des questions d\u00e8s maintenant\u202f?<\/strong><\/h3>\n\n\n\n<p><a href=\"https:\/\/immigration.ca\/fr\/consultation-en-ligne\/\">Parlez d\u00e8s aujourd\u2019hui \u00e0 un expert en immigration.<\/a><\/p>\n\n\n\n<hr class=\"wp-block-separator has-alpha-channel-opacity\"\/>\n\n\n<div class=\"frm_forms  with_frm_style frm_style_formidable-style\" id=\"frm_form_23_container\" data-token=\"52e2c7a9a6db49b6777d2eb58147037a\">\n<form enctype=\"multipart\/form-data\" method=\"post\" class=\"frm-show-form  frm_pro_form \" id=\"form_free-essential-guide-for-newcomers-fr\" data-token=\"52e2c7a9a6db49b6777d2eb58147037a\">\n<div class=\"frm_form_fields \">\n<fieldset>\n<legend class=\"frm_screen_reader\">(French) Free Essential Guide for Newcomers<\/legend>\r\n\r\n<div class=\"frm_fields_container\">\n<input type=\"hidden\" name=\"frm_action\" value=\"create\" \/>\n<input type=\"hidden\" name=\"form_id\" value=\"23\" \/>\n<input type=\"hidden\" name=\"frm_hide_fields_23\" id=\"frm_hide_fields_23\" value=\"\" \/>\n<input type=\"hidden\" name=\"form_key\" value=\"free-essential-guide-for-newcomers-fr\" \/>\n<input type=\"hidden\" name=\"item_meta[0]\" value=\"\" \/>\n<input type=\"hidden\" id=\"frm_submit_entry_23\" name=\"frm_submit_entry_23\" value=\"bd1922ffa1\" \/><input type=\"hidden\" name=\"_wp_http_referer\" value=\"\/fr\/wp-json\/wp\/v2\/pages\/149075\" \/><div id=\"frm_field_475_container\" class=\"frm_form_field form-field  frm_required_field frm_top_container\">\r\n\t<div  id=\"field_mdodr2_label\" class=\"frm_primary_label\">Nom\r\n\t\t<span class=\"frm_required\" aria-hidden=\"true\">*<\/span>\r\n\t<\/div>\r\n\t<fieldset aria-labelledby=\"field_mdodr2_label\">\n\t<legend class=\"frm_screen_reader frm_hidden\">\n\t\tNom\t<\/legend>\n\n\t<div  class=\"frm_combo_inputs_container\" id=\"frm_combo_inputs_container_475\" data-name-layout=\"first_last\">\n\t\t\t\t\t<div\n\t\t\t\tid=\"frm_field_475-first_container\"\n\t\t\t\tclass=\"frm_form_field form-field frm_form_subfield-first  frm6\"\n\t\t\t\tdata-sub-field-name=\"first\"\n\t\t\t>\n\t\t\t\t<label for=\"field_mdodr2_first\" class=\"frm_screen_reader frm_hidden\">\n\t\t\t\t\tNom\t\t\t\t<\/label>\n\n\t\t\t\t<input  type=\"text\" id=\"field_mdodr2_first\" value=\"\" name=\"item_meta[475][first]\" autocomplete=\"given-name\" placeholder=\"Pr\u00e9nom\" data-reqmsg=\"Nom cannot be blank.\" aria-required=\"true\" data-invmsg=\"Nom est non valide\" aria-invalid=\"false\"  \/>\t\t\t<\/div>\n\t\t\t\t\t\t<div\n\t\t\t\tid=\"frm_field_475-last_container\"\n\t\t\t\tclass=\"frm_form_field form-field frm_form_subfield-last  frm6\"\n\t\t\t\tdata-sub-field-name=\"last\"\n\t\t\t>\n\t\t\t\t<label for=\"field_mdodr2_last\" class=\"frm_screen_reader frm_hidden\">\n\t\t\t\t\tNom\t\t\t\t<\/label>\n\n\t\t\t\t<input  type=\"text\" id=\"field_mdodr2_last\" value=\"\" name=\"item_meta[475][last]\" autocomplete=\"family-name\" placeholder=\"Nom de famille\" data-reqmsg=\"Nom cannot be blank.\" aria-required=\"true\" data-invmsg=\"Nom est non valide\" aria-invalid=\"false\"  \/>\t\t\t<\/div>\n\t\t\t\t<\/div>\n<\/fieldset>\n\r\n\t\r\n\t\r\n<\/div>\n<div id=\"frm_field_476_container\" class=\"frm_form_field form-field  frm_required_field frm_top_container\">\r\n\t<label for=\"field_zm7m2\" id=\"field_zm7m2_label\" class=\"frm_primary_label\">Courriel\r\n\t\t<span class=\"frm_required\" aria-hidden=\"true\">*<\/span>\r\n\t<\/label>\r\n\t<input type=\"email\" id=\"field_zm7m2\" name=\"item_meta[476]\" value=\"\"  autocomplete=\"email\"  data-reqmsg=\"Courriel cannot be blank.\" aria-required=\"true\" data-invmsg=\"Courriel is invalid\" aria-invalid=\"false\"  \/>\r\n\t\r\n\t\r\n<\/div>\n<div id=\"frm_field_477_container\" class=\"frm_form_field form-field  frm_top_container\">\r\n\t<label for=\"field_1a5dq2\" id=\"field_1a5dq2_label\" class=\"frm_primary_label\">O\u00f9 en \u00eates\u2011vous dans votre processus d\u2019immigration au Canada\u202f?\r\n\t\t<span class=\"frm_required\" aria-hidden=\"true\"><\/span>\r\n\t<\/label>\r\n\t\t\t<select name=\"item_meta[477]\" id=\"field_1a5dq2\"  data-invmsg=\"O\u00f9 en \u00eates\u2011vous dans votre processus d\u2019immigration au Canada\u202f? is invalid\" aria-invalid=\"false\"  >\n\t\t<option  value=\"\" selected='selected'>Je r\u00eave de venir au Canada<\/option><option  value=\"\" selected='selected'>Je suis toujours dans mon pays d\u2019origine, mais en cours de d\u00e9m\u00e9nagement au Canada<\/option><option  value=\"\" selected='selected'>Je suis au Canada en tant que visiteur<\/option><option  value=\"\" selected='selected'>Je suis au Canada en tant qu\u2019\u00e9tudiant<\/option><option  value=\"\" selected='selected'>Je suis au Canada en tant que travailleur<\/option><option  value=\"\" selected='selected'>Je suis au Canada sans statut<\/option>\t<\/select>\n\t\r\n\t\r\n\t\r\n<\/div>\n<div id=\"frm_field_478_container\" class=\"frm_form_field form-field  frm_top_container\">\r\n\t<label for=\"field_lfh0z2\" id=\"field_lfh0z2_label\" class=\"frm_primary_label\">Comment avez\u2011vous entendu parler de nous\u202f?\r\n\t\t<span class=\"frm_required\" aria-hidden=\"true\"><\/span>\r\n\t<\/label>\r\n\t\t\t<select name=\"item_meta[478]\" id=\"field_lfh0z2\"  data-invmsg=\"Comment avez\u2011vous entendu parler de nous\u202f? is invalid\" aria-invalid=\"false\"  >\n\t\t<option  value=\"\" selected='selected'>Recherche Google<\/option><option  value=\"\" selected='selected'>LinkedIn<\/option><option  value=\"\" selected='selected'>Autres r\u00e9seaux sociaux<\/option><option  value=\"\" selected='selected'>Courriels d\u2019Immigration.ca<\/option>\t<\/select>\n\t\r\n\t\r\n\t\r\n<\/div>\n<div id=\"frm_field_479_container\" class=\"frm_form_field form-field  frm_required_field frm_top_container vertical_radio\">\r\n\t<div  id=\"field_dejga2_label\" class=\"frm_primary_label\">\r\n\t\t<span class=\"frm_required\" aria-hidden=\"true\">*<\/span>\r\n\t<\/div>\r\n\t<div class=\"frm_opt_container\" aria-labelledby=\"field_dejga2_label\" role=\"group\">\t\t<div class=\"frm_checkbox\" id=\"frm_checkbox_479-1\">\t\t\t<label  for=\"field_dejga2-1\">\n\t\t\t<input type=\"checkbox\" name=\"item_meta[479][]\" id=\"field_dejga2-1\" value=\"Yes\"  data-frmval=\"No\" data-reqmsg=\"Ce champ cannot be blank.\" data-invmsg=\"Ce champ is invalid\"   aria-required=\"true\"  \/> J\u2019autorise Immigration.ca (CCIRC Inc.) \u00e0 me contacter pour me fournir des informations relatives \u00e0 l\u2019immigration au Canada et \u00e0 tous les services connexes.<\/label><\/div>\n<\/div>\r\n\t\r\n\t\r\n<\/div>\n<div id=\"frm_field_480_container\" class=\"frm_form_field form-field  frm_top_container vertical_radio\">\r\n\t<div  id=\"field_ye6zm2_label\" class=\"frm_primary_label\">\r\n\t\t<span class=\"frm_required\" aria-hidden=\"true\"><\/span>\r\n\t<\/div>\r\n\t<div class=\"frm_opt_container\" aria-labelledby=\"field_ye6zm2_label\" role=\"group\">\t\t<div class=\"frm_checkbox\" id=\"frm_checkbox_480-0\">\t\t\t<label  for=\"field_ye6zm2-0\">\n\t\t\t<input type=\"checkbox\" name=\"item_meta[480][]\" id=\"field_ye6zm2-0\" value=\"Yes\"  data-frmval=\"No\" data-invmsg=\"Ce champ is invalid\"   \/> Abonnez\u2011vous \u00e0 l\u2019infolettre d\u2019Immigration.ca et recevez des mises \u00e0 jour sur les actualit\u00e9s et informations importantes concernant l\u2019immigration au Canada.<\/label><\/div>\n<\/div>\r\n\t\r\n\t\r\n<\/div>\n<div id=\"frm_field_481_container\" class=\"frm_form_field form-field  frm_none_container frm12 frm_first\">\r\n\t<label for=\"g-recaptcha-response\" id=\"field_gkvt2_label\" class=\"frm_primary_label\">Captcha\r\n\t\t<span class=\"frm_required\" aria-hidden=\"true\"><\/span>\r\n\t<\/label>\r\n\t<div  id=\"field_gkvt2\" class=\"frm-g-recaptcha\" data-sitekey=\"6LfSeCcTAAAAAPS6am5xYykaPHPgTC3Hifih_PCJ\" data-size=\"normal\" data-theme=\"light\"><\/div>\r\n\t\r\n\t\r\n<\/div>\n<div id=\"frm_field_482_container\" class=\"frm_form_field form-field  frm12 frm_first\">\r\n\t<div class=\"frm_submit frm_flex\">\r\n<button class=\"frm_button_submit frm_final_submit\" type=\"submit\"   formnovalidate=\"formnovalidate\">Envoyer<\/button>\r\n\r\n\r\n\r\n<\/div>\r\n<\/div>\n\t<input type=\"hidden\" name=\"item_key\" value=\"\" \/>\n\t\t\t<div id=\"frm_field_687_container\">\n\t\t\t<label for=\"field_pg9dc\" >\n\t\t\t\tSi vous \u00eates un humain, ne remplissez pas ce champ.\t\t\t<\/label>\n\t\t\t<input  id=\"field_pg9dc\" type=\"text\" class=\"frm_form_field form-field frm_verify\" name=\"item_meta[687]\" value=\"\"  \/>\n\t\t<\/div>\n\t\t<input name=\"frm_state\" type=\"hidden\" value=\"ED3Oqcc5pGIQeF4B7gzYJocdbHCo\/4mdaZH6TCDS53HbQj3cYvyazAHBFAzjvnVh\" \/><\/div>\n<\/fieldset>\n<\/div>\n\n<\/form>\n<\/div>\n","protected":false},"excerpt":{"rendered":"<p>Pr\u00eat \u00e0 r\u00e9aliser votre r\u00eave canadien\u202f? Remplissez le formulaire rapide ci\u2011dessous et nous vous enverrons par courriel un lien direct vers notre\u202fGuide essentiel pour les nouveaux arrivants au Canada\u202f\u2014 une liste de v\u00e9rification \u00e9tape\u202fpar\u202f\u00e9tape qui couvre\u202f: \u2708\ufe0f\u202fPr\u00e9paratifs avant le d\u00e9part\u202f: Passeports, comptes bancaires, logement, assurance maladie, etc. \u2705\u202fPremiers indispensables\u202f: NAS, forfait mobile, soins de sant\u00e9,&hellip;<\/p>\n","protected":false},"author":481,"featured_media":145401,"parent":0,"menu_order":0,"comment_status":"closed","ping_status":"closed","template":"","meta":{"_acf_changed":false,"footnotes":""},"class_list":["post-149075","page","type-page","status-publish","has-post-thumbnail","hentry","description-off"],"acf":[],"_links":{"self":[{"href":"https:\/\/immigration.ca\/fr\/wp-json\/wp\/v2\/pages\/149075","targetHints":{"allow":["GET"]}}],"collection":[{"href":"https:\/\/immigration.ca\/fr\/wp-json\/wp\/v2\/pages"}],"about":[{"href":"https:\/\/immigration.ca\/fr\/wp-json\/wp\/v2\/types\/page"}],"author":[{"embeddable":true,"href":"https:\/\/immigration.ca\/fr\/wp-json\/wp\/v2\/users\/481"}],"replies":[{"embeddable":true,"href":"https:\/\/immigration.ca\/fr\/wp-json\/wp\/v2\/comments?post=149075"}],"version-history":[{"count":0,"href":"https:\/\/immigration.ca\/fr\/wp-json\/wp\/v2\/pages\/149075\/revisions"}],"wp:featuredmedia":[{"embeddable":true,"href":"https:\/\/immigration.ca\/fr\/wp-json\/wp\/v2\/media\/145401"}],"wp:attachment":[{"href":"https:\/\/immigration.ca\/fr\/wp-json\/wp\/v2\/media?parent=149075"}],"curies":[{"name":"wp","href":"https:\/\/api.w.org\/{rel}","templated":true}]}}