{"id":145376,"date":"2024-06-19T14:45:48","date_gmt":"2024-06-19T18:45:48","guid":{"rendered":"https:\/\/immigration.ca\/about-us\/"},"modified":"2025-07-30T19:16:48","modified_gmt":"2025-07-30T23:16:48","slug":"about-us","status":"publish","type":"page","link":"https:\/\/immigration.ca\/fr\/about-us\/","title":{"rendered":"About Us"},"content":{"rendered":"\t\t<div data-elementor-type=\"wp-page\" data-elementor-id=\"145376\" class=\"elementor elementor-145376 elementor-141176\" data-elementor-post-type=\"page\">\n\t\t\t\t\t\t<section class=\"elementor-section elementor-top-section elementor-element elementor-element-85da0a1 elementor-section-boxed elementor-section-height-default elementor-section-height-default\" data-id=\"85da0a1\" data-element_type=\"section\" data-e-type=\"section\">\n\t\t\t\t\t\t<div class=\"elementor-container elementor-column-gap-default\">\n\t\t\t\t\t<div class=\"elementor-column elementor-col-100 elementor-top-column elementor-element elementor-element-885959f\" data-id=\"885959f\" data-element_type=\"column\" data-e-type=\"column\">\n\t\t\t<div class=\"elementor-widget-wrap elementor-element-populated\">\n\t\t\t\t\t\t<div class=\"elementor-element elementor-element-8e9be2f elementor-widget elementor-widget-text-editor\" data-id=\"8e9be2f\" data-element_type=\"widget\" data-e-type=\"widget\" data-widget_type=\"text-editor.default\">\n\t\t\t\t<div class=\"elementor-widget-container\">\n\t\t\t\t\t\t\t\t\t<p data-start=\"0\" data-end=\"295\">Fond\u00e9e en 1994, Immigration.ca est la plateforme d\u2019immigration en ligne la plus ancienne du Canada, accueillant chaque ann\u00e9e des millions de visiteurs. Nous nous engageons \u00e0 offrir des ressources et des conseils complets pour aider les nouveaux arrivants \u00e0 s\u2019installer et \u00e0 s\u2019\u00e9panouir au Canada.<\/p><p data-start=\"297\" data-end=\"600\">Notre \u00e9quipe \u00e9ditoriale, appuy\u00e9e par des journalistes et des sp\u00e9cialistes techniques chevronn\u00e9s, publie quotidiennement du contenu en ligne et une infolettre hebdomadaire couvrant les derni\u00e8res \u00e9volutions en mati\u00e8re d\u2019immigration, de coaching de carri\u00e8re et d\u2019actualit\u00e9s culturelles \u00e0 travers le Canada.<\/p><h2><strong>Cabinet d\u2019avocats Colin R. Singer<\/strong><\/h2><p data-start=\"637\" data-end=\"1197\">Fort de plus de 35 ans d\u2019expertise sp\u00e9cialis\u00e9e, le Cabinet d\u2019avocats Colin R. Singer est un leader de confiance en droit de l\u2019immigration canadienne et en recrutement international de professionnels hautement qualifi\u00e9s. Nous sommes fiers de proposer des solutions d\u2019immigration rentables, adapt\u00e9es aux besoins uniques de notre r\u00e9seau de clients corporatifs, de professionnels des ressources humaines et de propri\u00e9taires d\u2019entreprise dans divers secteurs, notamment les soins de sant\u00e9, la fabrication, les services alimentaires, la construction, et plus encore.<\/p><p data-start=\"1199\" data-end=\"1790\">Notre action de plaidoyer s\u2019\u00e9tend aux ressortissants \u00e9trangers au Canada cherchant \u00e0 pr\u00e9server leur statut l\u00e9gal. Nous offrons \u00e9galement des conseils \u00e0 des personnes situ\u00e9es \u00e0 l\u2019international qui souhaitent obtenir un visa pour le Canada dans le cadre de programmes d\u2019immigration temporaire ou permanente. Nous ma\u00eetrisons la repr\u00e9sentation de ressortissants \u00e9trangers postulant via des programmes d\u2019immigration tels qu\u2019Entr\u00e9e express, les programmes des candidats des provinces (PCP), le parrainage familial, les transferts intra-entreprise, les permis d\u2019\u00e9tudes et la citoyennet\u00e9 canadienne.<\/p><p data-start=\"1792\" data-end=\"2259\" data-is-last-node=\"\" data-is-only-node=\"\">Nous poss\u00e9dons une vaste exp\u00e9rience dans tous les volets des programmes d\u2019immigration \u00e9conomique du Canada. Notre pratique inclut une collaboration \u00e9troite avec des candidats individuels ainsi qu\u2019avec des entit\u00e9s d\u00e9sign\u00e9es par le gouvernement dans le cadre du Programme de visa pour d\u00e9marrage d\u2019entreprise, et nous apportons un \u00e9clairage strat\u00e9gique \u00e0 l\u2019\u00e9mission de certificats d\u2019engagement et de lettres de soutien r\u00e9gis par les politiques gouvernementales connexes.<\/p>\t\t\t\t\t\t\t\t<\/div>\n\t\t\t\t<\/div>\n\t\t\t\t<div class=\"elementor-element elementor-element-066d99e elementor-widget-divider--view-line elementor-widget elementor-widget-divider\" data-id=\"066d99e\" data-element_type=\"widget\" data-e-type=\"widget\" data-widget_type=\"divider.default\">\n\t\t\t\t<div class=\"elementor-widget-container\">\n\t\t\t\t\t\t\t<div class=\"elementor-divider\">\n\t\t\t<span class=\"elementor-divider-separator\">\n\t\t\t\t\t\t<\/span>\n\t\t<\/div>\n\t\t\t\t\t\t<\/div>\n\t\t\t\t<\/div>\n\t\t\t\t\t<\/div>\n\t\t<\/div>\n\t\t\t\t\t<\/div>\n\t\t<\/section>\n\t\t\t\t<section class=\"elementor-section elementor-top-section elementor-element elementor-element-9f311e6 elementor-section-boxed elementor-section-height-default elementor-section-height-default\" data-id=\"9f311e6\" data-element_type=\"section\" data-e-type=\"section\">\n\t\t\t\t\t\t<div class=\"elementor-container elementor-column-gap-default\">\n\t\t\t\t\t<div class=\"elementor-column elementor-col-50 elementor-top-column elementor-element elementor-element-6788257\" data-id=\"6788257\" data-element_type=\"column\" data-e-type=\"column\">\n\t\t\t<div class=\"elementor-widget-wrap elementor-element-populated\">\n\t\t\t\t\t\t<div class=\"elementor-element elementor-element-ba0c254 elementor-widget elementor-widget-image\" data-id=\"ba0c254\" data-element_type=\"widget\" data-e-type=\"widget\" data-widget_type=\"image.default\">\n\t\t\t\t<div class=\"elementor-widget-container\">\n\t\t\t\t\t\t\t\t\t\t\t\t\t\t\t<img fetchpriority=\"high\" decoding=\"async\" width=\"800\" height=\"800\" src=\"https:\/\/immigration.ca\/wp-content\/uploads\/2024\/09\/Colin-Singer-v3.jpg\" class=\"attachment-full size-full wp-image-143782\" alt=\"\" srcset=\"https:\/\/immigration.ca\/wp-content\/uploads\/2024\/09\/Colin-Singer-v3.jpg 800w, https:\/\/immigration.ca\/wp-content\/uploads\/2024\/09\/Colin-Singer-v3-300x300.jpg 300w, https:\/\/immigration.ca\/wp-content\/uploads\/2024\/09\/Colin-Singer-v3-150x150.jpg 150w, https:\/\/immigration.ca\/wp-content\/uploads\/2024\/09\/Colin-Singer-v3-768x768.jpg 768w, https:\/\/immigration.ca\/wp-content\/uploads\/2024\/09\/Colin-Singer-v3-120x120.jpg 120w\" sizes=\"(max-width: 800px) 100vw, 800px\" \/>\t\t\t\t\t\t\t\t\t\t\t\t\t\t\t<\/div>\n\t\t\t\t<\/div>\n\t\t\t\t\t<\/div>\n\t\t<\/div>\n\t\t\t\t<div class=\"elementor-column elementor-col-50 elementor-top-column elementor-element elementor-element-d49c5b0\" data-id=\"d49c5b0\" data-element_type=\"column\" data-e-type=\"column\">\n\t\t\t<div class=\"elementor-widget-wrap elementor-element-populated\">\n\t\t\t\t\t\t<div class=\"elementor-element elementor-element-f604b52 elementor-widget elementor-widget-text-editor\" data-id=\"f604b52\" data-element_type=\"widget\" data-e-type=\"widget\" data-widget_type=\"text-editor.default\">\n\t\t\t\t<div class=\"elementor-widget-container\">\n\t\t\t\t\t\t\t\t\t<h2><strong>Notre fondateur<\/strong><\/h2><p data-start=\"17\" data-end=\"192\">Colin Singer est avocat licenci\u00e9 au Barreau du Qu\u00e9bec, fort de plus de 35 ann\u00e9es d\u2019exp\u00e9rience et reconnu comme un avocat de premier plan en immigration d\u2019entreprise au Canada.<\/p><p data-start=\"194\" data-end=\"404\">Autorit\u00e9 reconnue dans son domaine, Colin est contributeur r\u00e9gulier \u00e0 Law360, une publication de LexisNexis, et au Lawyer\u2019s Daily depuis 2015. Il a \u00e9galement \u00e9t\u00e9 r\u00e9dacteur associ\u00e9 pour Immigration Law Reporter.<\/p><p data-start=\"406\" data-end=\"601\">Son exp\u00e9rience inclut des t\u00e9moignages devant le Comit\u00e9 permanent de la citoyennet\u00e9 et de l\u2019immigration de la Chambre des communes, et il est un conf\u00e9rencier fr\u00e9quent lors d\u2019\u00e9v\u00e9nements du secteur.<\/p><p data-start=\"603\" data-end=\"759\">Depuis 2009, Colin si\u00e8ge \u00e9galement en tant que gouverneur de la Fondation du Barreau du Qu\u00e9bec, soutenant l\u2019avancement de la profession juridique au Canada.<\/p><p data-start=\"761\" data-end=\"825\" data-is-last-node=\"\" data-is-only-node=\"\">Pour plus d\u2019informations, consultez le profil <a href=\"https:\/\/www.linkedin.com\/in\/attorneycolinsinger\/?originalSubdomain=ca\" rel=\"noopener\">LinkedIn de Colin<\/a>.<\/p>\t\t\t\t\t\t\t\t<\/div>\n\t\t\t\t<\/div>\n\t\t\t\t<div class=\"elementor-element elementor-element-5638c29 elementor-align-center elementor-widget elementor-widget-button\" data-id=\"5638c29\" data-element_type=\"widget\" data-e-type=\"widget\" data-widget_type=\"button.default\">\n\t\t\t\t<div class=\"elementor-widget-container\">\n\t\t\t\t\t\t\t\t\t<div class=\"elementor-button-wrapper\">\n\t\t\t\t\t<a class=\"elementor-button elementor-button-link elementor-size-sm\" href=\"\/fr\/consultation-en-ligne\/\">\n\t\t\t\t\t\t<span class=\"elementor-button-content-wrapper\">\n\t\t\t\t\t\t<span class=\"elementor-button-icon\">\n\t\t\t\t<i aria-hidden=\"true\" class=\"far fa-calendar-check\"><\/i>\t\t\t<\/span>\n\t\t\t\t\t\t\t\t\t<span class=\"elementor-button-text\">Planifiez une consultation virtuelle avec Colin<\/span>\n\t\t\t\t\t<\/span>\n\t\t\t\t\t<\/a>\n\t\t\t\t<\/div>\n\t\t\t\t\t\t\t\t<\/div>\n\t\t\t\t<\/div>\n\t\t\t\t\t<\/div>\n\t\t<\/div>\n\t\t\t\t\t<\/div>\n\t\t<\/section>\n\t\t\t\t<\/div>\n\t\t","protected":false},"excerpt":{"rendered":"<p>Fond\u00e9e en 1994, Immigration.ca est la plateforme d\u2019immigration en ligne la plus ancienne du Canada, accueillant chaque ann\u00e9e des millions de visiteurs. Nous nous engageons \u00e0 offrir des ressources et des conseils complets pour aider les nouveaux arrivants \u00e0 s\u2019installer et \u00e0 s\u2019\u00e9panouir au Canada. Notre \u00e9quipe \u00e9ditoriale, appuy\u00e9e par des journalistes et des sp\u00e9cialistes&hellip;<\/p>\n","protected":false},"author":481,"featured_media":0,"parent":0,"menu_order":0,"comment_status":"closed","ping_status":"closed","template":"","meta":{"_acf_changed":false,"footnotes":""},"class_list":["post-145376","page","type-page","status-publish","hentry"],"acf":[],"_links":{"self":[{"href":"https:\/\/immigration.ca\/fr\/wp-json\/wp\/v2\/pages\/145376","targetHints":{"allow":["GET"]}}],"collection":[{"href":"https:\/\/immigration.ca\/fr\/wp-json\/wp\/v2\/pages"}],"about":[{"href":"https:\/\/immigration.ca\/fr\/wp-json\/wp\/v2\/types\/page"}],"author":[{"embeddable":true,"href":"https:\/\/immigration.ca\/fr\/wp-json\/wp\/v2\/users\/481"}],"replies":[{"embeddable":true,"href":"https:\/\/immigration.ca\/fr\/wp-json\/wp\/v2\/comments?post=145376"}],"version-history":[{"count":0,"href":"https:\/\/immigration.ca\/fr\/wp-json\/wp\/v2\/pages\/145376\/revisions"}],"wp:attachment":[{"href":"https:\/\/immigration.ca\/fr\/wp-json\/wp\/v2\/media?parent=145376"}],"curies":[{"name":"wp","href":"https:\/\/api.w.org\/{rel}","templated":true}]}}