{"id":130894,"date":"2023-10-05T15:12:39","date_gmt":"2023-10-05T19:12:39","guid":{"rendered":"https:\/\/immigration.ca\/canadas-immigration-pathway-for-entrepreneurs\/"},"modified":"2023-12-02T11:35:27","modified_gmt":"2023-12-02T16:35:27","slug":"canadas-immigration-pathway-for-entrepreneurs","status":"publish","type":"page","link":"https:\/\/immigration.ca\/fr\/canadas-immigration-pathway-for-entrepreneurs\/","title":{"rendered":"Programme de visa pour d\u00e9marrage d\u2019entreprise"},"content":{"rendered":"\t\t<div data-elementor-type=\"wp-page\" data-elementor-id=\"130894\" class=\"elementor elementor-130894 elementor-127943\" data-elementor-post-type=\"page\">\n\t\t\t\t\t\t<section class=\"elementor-section elementor-top-section elementor-element elementor-element-48ecc1f elementor-section-full_width elementor-section-height-default elementor-section-height-default\" data-id=\"48ecc1f\" data-element_type=\"section\" data-e-type=\"section\" data-settings=\"{&quot;background_background&quot;:&quot;classic&quot;}\">\n\t\t\t\t\t\t<div class=\"elementor-container elementor-column-gap-default\">\n\t\t\t\t\t<div class=\"elementor-column elementor-col-100 elementor-top-column elementor-element elementor-element-1d3ef26\" data-id=\"1d3ef26\" data-element_type=\"column\" data-e-type=\"column\" data-settings=\"{&quot;background_background&quot;:&quot;classic&quot;}\">\n\t\t\t<div class=\"elementor-widget-wrap elementor-element-populated\">\n\t\t\t\t\t<div class=\"elementor-background-overlay\"><\/div>\n\t\t\t\t\t\t<div class=\"elementor-element elementor-element-814a675 elementor-widget elementor-widget-heading\" data-id=\"814a675\" data-element_type=\"widget\" data-e-type=\"widget\" data-widget_type=\"heading.default\">\n\t\t\t\t<div class=\"elementor-widget-container\">\n\t\t\t\t\t<h2 class=\"elementor-heading-title elementor-size-default\">Programme de visa pour d\u00e9marrage d\u2019entreprise<\/h2>\t\t\t\t<\/div>\n\t\t\t\t<\/div>\n\t\t\t\t<div class=\"elementor-element elementor-element-8db4b75 elementor-widget elementor-widget-heading\" data-id=\"8db4b75\" data-element_type=\"widget\" data-e-type=\"widget\" data-widget_type=\"heading.default\">\n\t\t\t\t<div class=\"elementor-widget-container\">\n\t\t\t\t\t<h3 class=\"elementor-heading-title elementor-size-default\">La voie d'immigration au Canada pour les entrepreneurs<\/h3>\t\t\t\t<\/div>\n\t\t\t\t<\/div>\n\t\t\t\t<div class=\"elementor-element elementor-element-6bce15c elementor-align-center elementor-widget elementor-widget-button\" data-id=\"6bce15c\" data-element_type=\"widget\" data-e-type=\"widget\" data-widget_type=\"button.default\">\n\t\t\t\t<div class=\"elementor-widget-container\">\n\t\t\t\t\t\t\t\t\t<div class=\"elementor-button-wrapper\">\n\t\t\t\t\t<a class=\"elementor-button elementor-button-link elementor-size-md\" href=\"https:\/\/form.immigration.ca\/business-startup\/en\">\n\t\t\t\t\t\t<span class=\"elementor-button-content-wrapper\">\n\t\t\t\t\t\t\t\t\t<span class=\"elementor-button-text\">D\u00e9couvrez si vous \u00eates admissible<\/span>\n\t\t\t\t\t<\/span>\n\t\t\t\t\t<\/a>\n\t\t\t\t<\/div>\n\t\t\t\t\t\t\t\t<\/div>\n\t\t\t\t<\/div>\n\t\t\t\t\t<\/div>\n\t\t<\/div>\n\t\t\t\t\t<\/div>\n\t\t<\/section>\n\t\t\t\t<section class=\"elementor-section elementor-top-section elementor-element elementor-element-741f7f4 elementor-section-boxed elementor-section-height-default elementor-section-height-default\" data-id=\"741f7f4\" data-element_type=\"section\" data-e-type=\"section\">\n\t\t\t\t\t\t<div class=\"elementor-container elementor-column-gap-default\">\n\t\t\t\t\t<div class=\"elementor-column elementor-col-100 elementor-top-column elementor-element elementor-element-b69c409\" data-id=\"b69c409\" data-element_type=\"column\" data-e-type=\"column\">\n\t\t\t<div class=\"elementor-widget-wrap elementor-element-populated\">\n\t\t\t\t\t\t<div class=\"elementor-element elementor-element-3f725b0 elementor-widget elementor-widget-text-editor\" data-id=\"3f725b0\" data-element_type=\"widget\" data-e-type=\"widget\" data-widget_type=\"text-editor.default\">\n\t\t\t\t<div class=\"elementor-widget-container\">\n\t\t\t\t\t\t\t\t\t<h1 style=\"text-align: center;\"><span style=\"color: #c81c2f;\"><strong>Qu&rsquo;est-ce que le programme de visa de d\u00e9marrage d\u2019entreprise?<\/strong><\/span><\/h1>\t\t\t\t\t\t\t\t<\/div>\n\t\t\t\t<\/div>\n\t\t\t\t\t<\/div>\n\t\t<\/div>\n\t\t\t\t\t<\/div>\n\t\t<\/section>\n\t\t\t\t<section class=\"elementor-section elementor-top-section elementor-element elementor-element-503c2f3 elementor-section-boxed elementor-section-height-default elementor-section-height-default\" data-id=\"503c2f3\" data-element_type=\"section\" data-e-type=\"section\">\n\t\t\t\t\t\t<div class=\"elementor-container elementor-column-gap-default\">\n\t\t\t\t\t<div class=\"elementor-column elementor-col-66 elementor-top-column elementor-element elementor-element-d76e843\" data-id=\"d76e843\" data-element_type=\"column\" data-e-type=\"column\">\n\t\t\t<div class=\"elementor-widget-wrap elementor-element-populated\">\n\t\t\t\t\t\t<div class=\"elementor-element elementor-element-14cb676 elementor-widget elementor-widget-text-editor\" data-id=\"14cb676\" data-element_type=\"widget\" data-e-type=\"widget\" data-widget_type=\"text-editor.default\">\n\t\t\t\t<div class=\"elementor-widget-container\">\n\t\t\t\t\t\t\t\t\t<p class=\"p1\">Le Programme de visa pour d\u00e9marrage d\u2019entreprise offre la r\u00e9sidence permanente au Canada sans condition de visa.<\/p><p class=\"p1\"><span style=\"color: #c81c2f;\"><strong>Il s&rsquo;agit du programme le plus rapide d&rsquo;Am\u00e9rique du Nord pour les entreprises immigr\u00e9es.<\/strong><\/span><\/p><p>Dans le cadre de ce programme, les entrepreneurs \u00e9trangers dont le concept d&rsquo;entreprise est approuv\u00e9 et reconnu par une organisation d\u00e9sign\u00e9e (VC, Angels, Incubators) re\u00e7oivent un <strong>certificat d&rsquo;engagement et une lettre de soutien (LDS).<\/strong><\/p>\t\t\t\t\t\t\t\t<\/div>\n\t\t\t\t<\/div>\n\t\t\t\t\t<\/div>\n\t\t<\/div>\n\t\t\t\t<div class=\"elementor-column elementor-col-33 elementor-top-column elementor-element elementor-element-5f1a2d8\" data-id=\"5f1a2d8\" data-element_type=\"column\" data-e-type=\"column\">\n\t\t\t<div class=\"elementor-widget-wrap elementor-element-populated\">\n\t\t\t\t\t\t<div class=\"elementor-element elementor-element-427cb1c elementor-widget elementor-widget-shortcode\" data-id=\"427cb1c\" data-element_type=\"widget\" data-e-type=\"widget\" data-widget_type=\"shortcode.default\">\n\t\t\t\t<div class=\"elementor-widget-container\">\n\t\t\t\t\t\t\t<div class=\"elementor-shortcode\"><p align=\"center\" style=\"color:#C81C2F;font-weight:bold;font-size:18px;font-family:'Open Sans';text-align:center\">Abonnez-vous \u00e0 notre Bulletin pour conna\u00eetre les derni\u00e8res nouvelles\nconcernant le visa de d\u00e9marrage d\u2019entreprise\n<\/p><br>\n[mc4wp_form id=68062]<\/div>\n\t\t\t\t\t\t<\/div>\n\t\t\t\t<\/div>\n\t\t\t\t\t<\/div>\n\t\t<\/div>\n\t\t\t\t\t<\/div>\n\t\t<\/section>\n\t\t\t\t<section data-pa-eq-height=\"{&quot;targetType&quot;:&quot;widget&quot;,&quot;target&quot;:&quot;&quot;,&quot;trigger&quot;:&quot;load&quot;,&quot;enableOn&quot;:[&quot;desktop&quot;,&quot;tablet&quot;,&quot;mobile&quot;]}\" class=\"elementor-section elementor-top-section elementor-element elementor-element-1d5792d premium-equal-height-yes elementor-section-boxed elementor-section-height-default elementor-section-height-default\" data-id=\"1d5792d\" data-element_type=\"section\" data-e-type=\"section\" data-settings=\"{&quot;background_background&quot;:&quot;classic&quot;,&quot;premium_eq_height_switcher&quot;:&quot;yes&quot;}\">\n\t\t\t\t\t\t<div class=\"elementor-container elementor-column-gap-default\">\n\t\t\t\t\t<div class=\"elementor-column elementor-col-33 elementor-top-column elementor-element elementor-element-95a14e5 mobilestartup1\" data-id=\"95a14e5\" data-element_type=\"column\" data-e-type=\"column\" data-settings=\"{&quot;background_background&quot;:&quot;classic&quot;}\">\n\t\t\t<div class=\"elementor-widget-wrap\">\n\t\t\t\t\t\t\t<\/div>\n\t\t<\/div>\n\t\t\t\t<div class=\"elementor-column elementor-col-66 elementor-top-column elementor-element elementor-element-e827e48\" data-id=\"e827e48\" data-element_type=\"column\" data-e-type=\"column\">\n\t\t\t<div class=\"elementor-widget-wrap elementor-element-populated\">\n\t\t\t\t\t\t<div class=\"elementor-element elementor-element-6be49f3 elementor-widget elementor-widget-text-editor\" data-id=\"6be49f3\" data-element_type=\"widget\" data-e-type=\"widget\" data-widget_type=\"text-editor.default\">\n\t\t\t\t<div class=\"elementor-widget-container\">\n\t\t\t\t\t\t\t\t\t<p>Avec la LDS, une preuve de comp\u00e9tence linguistique et des fonds suffisants, les candidats et les personnes \u00e0 leur charge peuvent soumettre une demande de r\u00e9sidence permanente au Canada.<\/p><p>La Programme de visa pour d\u00e9marrage d\u2019entreprise peut se situer dans un large \u00e9ventail de secteurs, notamment les <strong>TI, la technologie, les soins de sant\u00e9, les processus de fabrication, l&rsquo;agriculture, les biens de consommation, etc.<\/strong> sans aucune limitation quant au type de concept de d\u00e9marrage d\u2019entreprise.<\/p><p>Le programme fait appel \u00e0 une \u00e9quipe de conseillers exp\u00e9riment\u00e9s en affaires qui, en collaboration avec des organisations d\u00e9sign\u00e9es, guide et encadre les entrepreneurs tout au long du processus obligatoire de diligence raisonnable.<\/p><p>Une fois qu&rsquo;une visa pour d\u00e9marrage d\u2019entreprise appropri\u00e9e est identifi\u00e9e et approuv\u00e9e par l&rsquo;organisation d\u00e9sign\u00e9e, le processus de diligence raisonnable se termine dans un d\u00e9lai d&rsquo;<strong>environ 5 mois<\/strong>.<\/p><p>Une fois la lettre de soutien en main, la demande de r\u00e9sidence permanente au Canada est d\u00e9pos\u00e9e.<\/p>\t\t\t\t\t\t\t\t<\/div>\n\t\t\t\t<\/div>\n\t\t\t\t<div class=\"elementor-element elementor-element-6d65e3e elementor-align-center elementor-widget elementor-widget-button\" data-id=\"6d65e3e\" data-element_type=\"widget\" data-e-type=\"widget\" data-widget_type=\"button.default\">\n\t\t\t\t<div class=\"elementor-widget-container\">\n\t\t\t\t\t\t\t\t\t<div class=\"elementor-button-wrapper\">\n\t\t\t\t\t<a class=\"elementor-button elementor-button-link elementor-size-md\" href=\"https:\/\/form.immigration.ca\/business-startup\/en\">\n\t\t\t\t\t\t<span class=\"elementor-button-content-wrapper\">\n\t\t\t\t\t\t\t\t\t<span class=\"elementor-button-text\">D\u00e9couvrez si vous \u00eates admissible<\/span>\n\t\t\t\t\t<\/span>\n\t\t\t\t\t<\/a>\n\t\t\t\t<\/div>\n\t\t\t\t\t\t\t\t<\/div>\n\t\t\t\t<\/div>\n\t\t\t\t\t<\/div>\n\t\t<\/div>\n\t\t\t\t\t<\/div>\n\t\t<\/section>\n\t\t\t\t<section class=\"elementor-section elementor-top-section elementor-element elementor-element-614d732 elementor-section-boxed elementor-section-height-default elementor-section-height-default\" data-id=\"614d732\" data-element_type=\"section\" data-e-type=\"section\" data-settings=\"{&quot;background_background&quot;:&quot;classic&quot;}\">\n\t\t\t\t\t\t<div class=\"elementor-container elementor-column-gap-default\">\n\t\t\t\t\t<div class=\"elementor-column elementor-col-100 elementor-top-column elementor-element elementor-element-9c615c5\" data-id=\"9c615c5\" data-element_type=\"column\" data-e-type=\"column\">\n\t\t\t<div class=\"elementor-widget-wrap elementor-element-populated\">\n\t\t\t\t\t\t<div class=\"elementor-element elementor-element-7b6d177 elementor-widget elementor-widget-text-editor\" data-id=\"7b6d177\" data-element_type=\"widget\" data-e-type=\"widget\" data-widget_type=\"text-editor.default\">\n\t\t\t\t<div class=\"elementor-widget-container\">\n\t\t\t\t\t\t\t\t\t<h1 style=\"text-align: center; color: #c81c2f;\">Le processus<\/h1>\t\t\t\t\t\t\t\t<\/div>\n\t\t\t\t<\/div>\n\t\t\t\t<section data-pa-eq-height=\"{&quot;targetType&quot;:&quot;widget&quot;,&quot;target&quot;:&quot;&quot;,&quot;trigger&quot;:&quot;load&quot;,&quot;enableOn&quot;:[&quot;desktop&quot;,&quot;tablet&quot;,&quot;mobile&quot;]}\" class=\"elementor-section elementor-inner-section elementor-element elementor-element-7cb5df7 premium-equal-height-yes elementor-section-boxed elementor-section-height-default elementor-section-height-default\" data-id=\"7cb5df7\" data-element_type=\"section\" data-e-type=\"section\" data-settings=\"{&quot;premium_eq_height_switcher&quot;:&quot;yes&quot;}\">\n\t\t\t\t\t\t<div class=\"elementor-container elementor-column-gap-default\">\n\t\t\t\t\t<div class=\"elementor-column elementor-col-33 elementor-inner-column elementor-element elementor-element-2f81947\" data-id=\"2f81947\" data-element_type=\"column\" data-e-type=\"column\" data-settings=\"{&quot;background_background&quot;:&quot;classic&quot;}\">\n\t\t\t<div class=\"elementor-widget-wrap elementor-element-populated\">\n\t\t\t\t\t\t<div class=\"elementor-element elementor-element-29be144 elementor-widget elementor-widget-text-editor\" data-id=\"29be144\" data-element_type=\"widget\" data-e-type=\"widget\" data-widget_type=\"text-editor.default\">\n\t\t\t\t<div class=\"elementor-widget-container\">\n\t\t\t\t\t\t\t\t\t<p class=\"p1\" style=\"text-align: center;\"><strong><span style=\"color: #c81c2f;\">Du 1er au 5\u00e8me mois<\/span><\/strong><\/p><p style=\"text-align: center;\"><strong>Approbation de la cr\u00e9ation d&rsquo;entreprise et<\/strong><\/p><p style=\"text-align: center;\"><strong>Processus de diligence raisonnable<\/strong><\/p>\t\t\t\t\t\t\t\t<\/div>\n\t\t\t\t<\/div>\n\t\t\t\t<div class=\"elementor-element elementor-element-6b8b820 elementor-widget elementor-widget-text-editor\" data-id=\"6b8b820\" data-element_type=\"widget\" data-e-type=\"widget\" data-widget_type=\"text-editor.default\">\n\t\t\t\t<div class=\"elementor-widget-container\">\n\t\t\t\t\t\t\t\t\t<ul><li>Le concept de d\u00e9marrage d\u2019entreprise est \u00e9labor\u00e9 et approuv\u00e9 au cours de cette phase.<\/li><li>ca aide \u00e0 constituer l&rsquo;\u00e9quipe de d\u00e9marrage.<\/li><li>Les membres de l&rsquo;\u00e9quipe apportent leur expertise pour soutenir le d\u00e9marrage d\u2019entreprise individuellement, tout en apportant collectivement une exp\u00e9rience et des comp\u00e9tences essentielles.<\/li><li>Le d\u00e9marrage d\u2019entreprise est pr\u00e9sent\u00e9 avec Immigration.ca \u00e0 une organisation d\u00e9sign\u00e9e.<\/li><li>La start-up fait l&rsquo;objet d&rsquo;un processus de diligence raisonnable au cours de cette p\u00e9riode.<\/li><\/ul>\t\t\t\t\t\t\t\t<\/div>\n\t\t\t\t<\/div>\n\t\t\t\t\t<\/div>\n\t\t<\/div>\n\t\t\t\t<div class=\"elementor-column elementor-col-33 elementor-inner-column elementor-element elementor-element-c3fa165\" data-id=\"c3fa165\" data-element_type=\"column\" data-e-type=\"column\" data-settings=\"{&quot;background_background&quot;:&quot;classic&quot;}\">\n\t\t\t<div class=\"elementor-widget-wrap elementor-element-populated\">\n\t\t\t\t\t\t<div class=\"elementor-element elementor-element-c78d7ea elementor-widget elementor-widget-text-editor\" data-id=\"c78d7ea\" data-element_type=\"widget\" data-e-type=\"widget\" data-widget_type=\"text-editor.default\">\n\t\t\t\t<div class=\"elementor-widget-container\">\n\t\t\t\t\t\t\t\t\t<p class=\"p1\" style=\"text-align: center;\"><strong><span style=\"color: #c81c2f;\">6\u00e8me-7\u00e8me mois<\/span><\/strong><strong><br \/>lettre de soutien finale<br \/><\/strong><\/p>\t\t\t\t\t\t\t\t<\/div>\n\t\t\t\t<\/div>\n\t\t\t\t<div class=\"elementor-element elementor-element-9a49f45 elementor-widget elementor-widget-text-editor\" data-id=\"9a49f45\" data-element_type=\"widget\" data-e-type=\"widget\" data-widget_type=\"text-editor.default\">\n\t\t\t\t<div class=\"elementor-widget-container\">\n\t\t\t\t\t\t\t\t\t<ul><li>ca guide et soutient le processus d&rsquo;obtention de la lettre de soutien finale.<\/li><li>L&rsquo;organisation d\u00e9sign\u00e9e, g\u00e9n\u00e9ralement un incubateur, \u00e9met la lettre de soutien finale dans les 6 \u00e0 7 premiers mois.<\/li><\/ul>\t\t\t\t\t\t\t\t<\/div>\n\t\t\t\t<\/div>\n\t\t\t\t\t<\/div>\n\t\t<\/div>\n\t\t\t\t<div class=\"elementor-column elementor-col-33 elementor-inner-column elementor-element elementor-element-d9e3b52\" data-id=\"d9e3b52\" data-element_type=\"column\" data-e-type=\"column\" data-settings=\"{&quot;background_background&quot;:&quot;classic&quot;}\">\n\t\t\t<div class=\"elementor-widget-wrap elementor-element-populated\">\n\t\t\t\t\t\t<div class=\"elementor-element elementor-element-9d98f39 elementor-widget elementor-widget-text-editor\" data-id=\"9d98f39\" data-element_type=\"widget\" data-e-type=\"widget\" data-widget_type=\"text-editor.default\">\n\t\t\t\t<div class=\"elementor-widget-container\">\n\t\t\t\t\t\t\t\t\t<p class=\"p1\" style=\"text-align: center;\"><strong><span style=\"color: #c81c2f;\">du 8\u00e8me au 30\u00e8me mois<\/span><\/strong><\/p><p style=\"text-align: center;\"><strong>traitement de la demande de r\u00e9sidence permanente <\/strong><\/p><p style=\"text-align: center;\"><strong>et de permis de travail \u00e0 entr\u00e9e anticip\u00e9e<\/strong><\/p>\t\t\t\t\t\t\t\t<\/div>\n\t\t\t\t<\/div>\n\t\t\t\t<div class=\"elementor-element elementor-element-74858f9 elementor-widget elementor-widget-text-editor\" data-id=\"74858f9\" data-element_type=\"widget\" data-e-type=\"widget\" data-widget_type=\"text-editor.default\">\n\t\t\t\t<div class=\"elementor-widget-container\">\n\t\t\t\t\t\t\t\t\t<ul><li>D\u00e8s r\u00e9ception de la lettre de soutien, la demande de r\u00e9sidence permanente au Canada peut \u00eatre d\u00e9pos\u00e9e.<\/li><li>Le cas \u00e9ch\u00e9ant, la demande de permis de travail peut \u00e9galement \u00eatre soumise.<\/li><li>Le d\u00e9lai de traitement approximatif d&rsquo;un permis de travail est d&rsquo;environ 6 mois \u00e0 partir du d\u00e9p\u00f4t de la demande.<\/li><li>Le d\u00e9lai de traitement d&rsquo;une demande de r\u00e9sidence permanente est d&rsquo;environ 22 mois \u00e0 compter de la soumission de la demande.<\/li><\/ul>\t\t\t\t\t\t\t\t<\/div>\n\t\t\t\t<\/div>\n\t\t\t\t\t<\/div>\n\t\t<\/div>\n\t\t\t\t\t<\/div>\n\t\t<\/section>\n\t\t\t\t\t<\/div>\n\t\t<\/div>\n\t\t\t\t\t<\/div>\n\t\t<\/section>\n\t\t\t\t<section class=\"elementor-section elementor-top-section elementor-element elementor-element-ae86a21 elementor-section-boxed elementor-section-height-default elementor-section-height-default\" data-id=\"ae86a21\" data-element_type=\"section\" data-e-type=\"section\" data-settings=\"{&quot;background_background&quot;:&quot;classic&quot;}\">\n\t\t\t\t\t\t<div class=\"elementor-container elementor-column-gap-default\">\n\t\t\t\t\t<div class=\"elementor-column elementor-col-100 elementor-top-column elementor-element elementor-element-c581f39\" data-id=\"c581f39\" data-element_type=\"column\" data-e-type=\"column\">\n\t\t\t<div class=\"elementor-widget-wrap elementor-element-populated\">\n\t\t\t\t\t\t<div class=\"elementor-element elementor-element-4f724c4 elementor-widget elementor-widget-text-editor\" data-id=\"4f724c4\" data-element_type=\"widget\" data-e-type=\"widget\" data-widget_type=\"text-editor.default\">\n\t\t\t\t<div class=\"elementor-widget-container\">\n\t\t\t\t\t\t\t\t\t<h1 style=\"color: #c81c2f; text-align: center;\">Ce que nous faisons<\/h1>\t\t\t\t\t\t\t\t<\/div>\n\t\t\t\t<\/div>\n\t\t\t\t<section data-pa-eq-height=\"{&quot;targetType&quot;:&quot;widget&quot;,&quot;target&quot;:&quot;&quot;,&quot;trigger&quot;:&quot;load&quot;,&quot;enableOn&quot;:[&quot;desktop&quot;,&quot;tablet&quot;,&quot;mobile&quot;]}\" class=\"elementor-section elementor-inner-section elementor-element elementor-element-20fe11a premium-equal-height-yes elementor-section-boxed elementor-section-height-default elementor-section-height-default\" data-id=\"20fe11a\" data-element_type=\"section\" data-e-type=\"section\" data-settings=\"{&quot;premium_eq_height_switcher&quot;:&quot;yes&quot;}\">\n\t\t\t\t\t\t<div class=\"elementor-container elementor-column-gap-default\">\n\t\t\t\t\t<div class=\"elementor-column elementor-col-66 elementor-inner-column elementor-element elementor-element-bcc0697\" data-id=\"bcc0697\" data-element_type=\"column\" data-e-type=\"column\">\n\t\t\t<div class=\"elementor-widget-wrap elementor-element-populated\">\n\t\t\t\t\t\t<div class=\"elementor-element elementor-element-2e5ce08 elementor-widget elementor-widget-text-editor\" data-id=\"2e5ce08\" data-element_type=\"widget\" data-e-type=\"widget\" data-widget_type=\"text-editor.default\">\n\t\t\t\t<div class=\"elementor-widget-container\">\n\t\t\t\t\t\t\t\t\t<p>Ce projet offre une opportunit\u00e9 unique d&rsquo;obtenir la <strong>r\u00e9sidence permanente au Canada<\/strong> et de cr\u00e9er une v\u00e9ritable entreprise \u00e0 l&rsquo;\u00e9chelle internationale.<\/p><p><strong>Nous vous guidons \u00e0 travers<\/strong><\/p><ul><li>Cr\u00e9ation d&rsquo;un concept d&rsquo;entreprise<\/li><li>Processus de diligence raisonnable<\/li><li>Cr\u00e9ation d&rsquo;une soci\u00e9t\u00e9 canadienne<\/li><li>Strat\u00e9gie en mati\u00e8re de propri\u00e9t\u00e9 intellectuelle<\/li><li>Brevets<\/li><li>Pont d&rsquo;orientation<\/li><li>Plan d&rsquo;activit\u00e9<\/li><li>Lettre de soutien<\/li><li>Demande de r\u00e9sidence permanente au Canada<\/li><\/ul><p>Une fois le dossier finalis\u00e9, vous recevez une lettre de soutien pour vous, votre partenaire et les personnes \u00e0 votre charge (conjoint, enfants de moins de 22 ans). Vous pouvez ensuite d\u00e9m\u00e9nager au Canada de fa\u00e7on permanente avec un statut de r\u00e9sident permanent inconditionnel.<\/p><p>En tant que r\u00e9sident permanent au Canada, vous pouvez exploiter l&rsquo;entreprise cr\u00e9\u00e9e et poursuivre des activit\u00e9s parall\u00e8les sans restrictions.<\/p>\t\t\t\t\t\t\t\t<\/div>\n\t\t\t\t<\/div>\n\t\t\t\t<div class=\"elementor-element elementor-element-1674e5b elementor-align-center elementor-widget elementor-widget-button\" data-id=\"1674e5b\" data-element_type=\"widget\" data-e-type=\"widget\" data-widget_type=\"button.default\">\n\t\t\t\t<div class=\"elementor-widget-container\">\n\t\t\t\t\t\t\t\t\t<div class=\"elementor-button-wrapper\">\n\t\t\t\t\t<a class=\"elementor-button elementor-button-link elementor-size-md\" href=\"https:\/\/form.immigration.ca\/business-startup\/en\">\n\t\t\t\t\t\t<span class=\"elementor-button-content-wrapper\">\n\t\t\t\t\t\t\t\t\t<span class=\"elementor-button-text\">commen\u00e7ons<\/span>\n\t\t\t\t\t<\/span>\n\t\t\t\t\t<\/a>\n\t\t\t\t<\/div>\n\t\t\t\t\t\t\t\t<\/div>\n\t\t\t\t<\/div>\n\t\t\t\t\t<\/div>\n\t\t<\/div>\n\t\t\t\t<div class=\"elementor-column elementor-col-33 elementor-inner-column elementor-element elementor-element-f570f52 mobilestartup2\" data-id=\"f570f52\" data-element_type=\"column\" data-e-type=\"column\" data-settings=\"{&quot;background_background&quot;:&quot;classic&quot;}\">\n\t\t\t<div class=\"elementor-widget-wrap\">\n\t\t\t\t\t\t\t<\/div>\n\t\t<\/div>\n\t\t\t\t\t<\/div>\n\t\t<\/section>\n\t\t\t\t\t<\/div>\n\t\t<\/div>\n\t\t\t\t\t<\/div>\n\t\t<\/section>\n\t\t\t\t<\/div>\n\t\t","protected":false},"excerpt":{"rendered":"<p>La voie d&rsquo;immigration au Canada pour les entrepreneurs D\u00e9couvrez si vous \u00eates admissible Qu&rsquo;est-ce que le programme de visa de d\u00e9marrage d\u2019entreprise? Le Programme de visa pour d\u00e9marrage d\u2019entreprise offre la r\u00e9sidence permanente au Canada sans condition de visa. Il s&rsquo;agit du programme le plus rapide d&rsquo;Am\u00e9rique du Nord pour les entreprises immigr\u00e9es. Dans le&hellip;<\/p>\n","protected":false},"author":16,"featured_media":0,"parent":0,"menu_order":0,"comment_status":"closed","ping_status":"closed","template":"elementor_header_footer","meta":{"_acf_changed":false,"footnotes":""},"class_list":["post-130894","page","type-page","status-publish","hentry"],"acf":[],"_links":{"self":[{"href":"https:\/\/immigration.ca\/fr\/wp-json\/wp\/v2\/pages\/130894","targetHints":{"allow":["GET"]}}],"collection":[{"href":"https:\/\/immigration.ca\/fr\/wp-json\/wp\/v2\/pages"}],"about":[{"href":"https:\/\/immigration.ca\/fr\/wp-json\/wp\/v2\/types\/page"}],"author":[{"embeddable":true,"href":"https:\/\/immigration.ca\/fr\/wp-json\/wp\/v2\/users\/16"}],"replies":[{"embeddable":true,"href":"https:\/\/immigration.ca\/fr\/wp-json\/wp\/v2\/comments?post=130894"}],"version-history":[{"count":0,"href":"https:\/\/immigration.ca\/fr\/wp-json\/wp\/v2\/pages\/130894\/revisions"}],"wp:attachment":[{"href":"https:\/\/immigration.ca\/fr\/wp-json\/wp\/v2\/media?parent=130894"}],"curies":[{"name":"wp","href":"https:\/\/api.w.org\/{rel}","templated":true}]}}