{"id":111611,"date":"2023-02-27T13:06:40","date_gmt":"2023-02-27T18:06:40","guid":{"rendered":"https:\/\/immigration.ca\/partnership\/"},"modified":"2023-02-27T15:32:11","modified_gmt":"2023-02-27T20:32:11","slug":"partnerships","status":"publish","type":"page","link":"https:\/\/immigration.ca\/fr\/partnerships\/","title":{"rendered":"Partenariats"},"content":{"rendered":"\t\t<div data-elementor-type=\"wp-page\" data-elementor-id=\"111611\" class=\"elementor elementor-111611 elementor-111593\" data-elementor-post-type=\"page\">\n\t\t\t\t\t\t<section class=\"elementor-section elementor-top-section elementor-element elementor-element-4dd5e5f elementor-section-boxed elementor-section-height-default elementor-section-height-default\" data-id=\"4dd5e5f\" data-element_type=\"section\" data-e-type=\"section\">\n\t\t\t\t\t\t<div class=\"elementor-container elementor-column-gap-default\">\n\t\t\t\t\t<div class=\"elementor-column elementor-col-100 elementor-top-column elementor-element elementor-element-155dc11\" data-id=\"155dc11\" data-element_type=\"column\" data-e-type=\"column\">\n\t\t\t<div class=\"elementor-widget-wrap elementor-element-populated\">\n\t\t\t\t\t\t<div class=\"elementor-element elementor-element-206b331 elementor-widget elementor-widget-text-editor\" data-id=\"206b331\" data-element_type=\"widget\" data-e-type=\"widget\" data-widget_type=\"text-editor.default\">\n\t\t\t\t<div class=\"elementor-widget-container\">\n\t\t\t\t\t\t\t\t\t<div>Nous travaillons en partenariat avec des fournisseurs canadiens de ressources et de services dans de nombreuses industries et gouvernements.<br \/>Si vous \u00eates int\u00e9ress\u00e9s \u00e0 travailler avec nous, <a href=\"https:\/\/immigration.ca\/fr\/contact-us\/\">veuillez nous contacter<\/a>.<\/div>\t\t\t\t\t\t\t\t<\/div>\n\t\t\t\t<\/div>\n\t\t\t\t<div class=\"elementor-element elementor-element-f3bf82c premium-blog-align-left elementor-widget elementor-widget-premium-addon-blog\" data-id=\"f3bf82c\" data-element_type=\"widget\" data-e-type=\"widget\" data-settings=\"{&quot;premium_blog_grid&quot;:&quot;yes&quot;,&quot;premium_blog_layout&quot;:&quot;even&quot;,&quot;premium_blog_columns_number&quot;:&quot;50%&quot;,&quot;premium_blog_columns_number_tablet&quot;:&quot;50%&quot;,&quot;premium_blog_columns_number_mobile&quot;:&quot;100%&quot;,&quot;scroll_to_offset&quot;:&quot;yes&quot;}\" data-widget_type=\"premium-addon-blog.default\">\n\t\t\t\t<div class=\"elementor-widget-container\">\n\t\t\t\t\t\t\t<div class=\"premium-error-notice\">\n\t\t\tLa requ\u00eate actuelle ne contient aucun message. Veuillez vous assurer d\u2019avoir publi\u00e9 les \u00e9l\u00e9ments correspondant \u00e0 votre requ\u00eate.\t\t<\/div>\n\t\t\t\t\t\t<\/div>\n\t\t\t\t<\/div>\n\t\t\t\t\t<\/div>\n\t\t<\/div>\n\t\t\t\t\t<\/div>\n\t\t<\/section>\n\t\t\t\t<\/div>\n\t\t","protected":false},"excerpt":{"rendered":"<p>Nous travaillons en partenariat avec des fournisseurs canadiens de ressources et de services dans de nombreuses industries et gouvernements.Si vous \u00eates int\u00e9ress\u00e9s \u00e0 travailler avec nous, veuillez nous contacter. BMO Partners With\u00a0Immigration.ca\u00a0To Help Newcomers to Canada Expand Financial Literacy And Make Progress<\/p>\n","protected":false},"author":16,"featured_media":0,"parent":0,"menu_order":0,"comment_status":"closed","ping_status":"closed","template":"","meta":{"_acf_changed":false,"footnotes":""},"class_list":["post-111611","page","type-page","status-publish","hentry"],"acf":[],"_links":{"self":[{"href":"https:\/\/immigration.ca\/fr\/wp-json\/wp\/v2\/pages\/111611","targetHints":{"allow":["GET"]}}],"collection":[{"href":"https:\/\/immigration.ca\/fr\/wp-json\/wp\/v2\/pages"}],"about":[{"href":"https:\/\/immigration.ca\/fr\/wp-json\/wp\/v2\/types\/page"}],"author":[{"embeddable":true,"href":"https:\/\/immigration.ca\/fr\/wp-json\/wp\/v2\/users\/16"}],"replies":[{"embeddable":true,"href":"https:\/\/immigration.ca\/fr\/wp-json\/wp\/v2\/comments?post=111611"}],"version-history":[{"count":0,"href":"https:\/\/immigration.ca\/fr\/wp-json\/wp\/v2\/pages\/111611\/revisions"}],"wp:attachment":[{"href":"https:\/\/immigration.ca\/fr\/wp-json\/wp\/v2\/media?parent=111611"}],"curies":[{"name":"wp","href":"https:\/\/api.w.org\/{rel}","templated":true}]}}